{"id":872,"date":"2025-09-22T08:06:30","date_gmt":"2025-09-22T06:06:30","guid":{"rendered":"https:\/\/iport.hu\/officeone\/?post_type=product&#038;p=872"},"modified":"2025-10-05T17:08:35","modified_gmt":"2025-10-05T15:08:35","slug":"pg512-black","status":"publish","type":"product","link":"https:\/\/iport.hu\/officeone\/termek\/pg512-black\/","title":{"rendered":"PG512 Black"},"content":{"rendered":"<p>Az al\u00e1bbi nyomtat\u00f3kba haszn\u00e1lhat\u00f3:<\/p>\n<p>CANON: PIXMA IP2700, MP240, MP250, MP260, MP270, MP280, MP480, MP490, MP495, MX320, MX330, MX340, MX350, MX420, IP2701, PIXMA MP240, MP250, MP270, MP272, MP280, MP480, MP490, MP492, MP495, MP499, MX320, MX330, MX340, MX350, IP2702 <\/p>\n","protected":false},"excerpt":{"rendered":"<p>Az al\u00e1bbi nyomtat\u00f3kba haszn\u00e1lhat\u00f3: CANON: PIXMA IP2700, MP240, MP250, MP260, MP270, MP280, MP480, MP490, MP495, MX320, MX330, MX340, MX350, MX420, IP2701, PIXMA MP240, MP250, MP270, MP272, MP280, MP480, MP490, MP492, MP495, MP499, MX320, MX330, MX340, MX350, IP2702<\/p>\n","protected":false},"featured_media":929,"template":"","meta":{"_et_pb_use_builder":"","_et_pb_old_content":"","_et_gb_content_width":""},"product_brand":[],"product_cat":[16],"product_tag":[],"class_list":{"0":"post-872","1":"product","2":"type-product","3":"status-publish","4":"has-post-thumbnail","6":"product_cat-tintapatron","8":"first","9":"instock","10":"shipping-taxable","11":"purchasable","12":"product-type-simple"},"_links":{"self":[{"href":"https:\/\/iport.hu\/officeone\/wp-json\/wp\/v2\/product\/872","targetHints":{"allow":["GET"]}}],"collection":[{"href":"https:\/\/iport.hu\/officeone\/wp-json\/wp\/v2\/product"}],"about":[{"href":"https:\/\/iport.hu\/officeone\/wp-json\/wp\/v2\/types\/product"}],"wp:featuredmedia":[{"embeddable":true,"href":"https:\/\/iport.hu\/officeone\/wp-json\/wp\/v2\/media\/929"}],"wp:attachment":[{"href":"https:\/\/iport.hu\/officeone\/wp-json\/wp\/v2\/media?parent=872"}],"wp:term":[{"taxonomy":"product_brand","embeddable":true,"href":"https:\/\/iport.hu\/officeone\/wp-json\/wp\/v2\/product_brand?post=872"},{"taxonomy":"product_cat","embeddable":true,"href":"https:\/\/iport.hu\/officeone\/wp-json\/wp\/v2\/product_cat?post=872"},{"taxonomy":"product_tag","embeddable":true,"href":"https:\/\/iport.hu\/officeone\/wp-json\/wp\/v2\/product_tag?post=872"}],"curies":[{"name":"wp","href":"https:\/\/api.w.org\/{rel}","templated":true}]}}