{"id":869,"date":"2025-09-22T08:06:30","date_gmt":"2025-09-22T06:06:30","guid":{"rendered":"https:\/\/iport.hu\/officeone\/?post_type=product&#038;p=869"},"modified":"2025-10-05T17:08:34","modified_gmt":"2025-10-05T15:08:34","slug":"cl41-cyan","status":"publish","type":"product","link":"https:\/\/iport.hu\/officeone\/termek\/cl41-cyan\/","title":{"rendered":"CL41 Cyan"},"content":{"rendered":"<p>Az al\u00e1bbi nyomtat\u00f3kba haszn\u00e1lhat\u00f3:<\/p>\n<p>CANON: PIXMA IP1200, IP1300, IP1600, IP1700, IP1800, IP1900, IP2200, IP2500, IP2600, MP140, MP150, MP160, MP170, MP180, MP190, MP210, MP220, MP450, MP450X, MP460, MX300, MX310; FAX JX 200, JX210P, JX500, 510P, PIXMA IP1880, IP1980, IP2580, IP2680, MP145, MP198, MP228, MP476, MX308, MX318, FAX-JX200, JX201, JX210P, JX510P <\/p>\n","protected":false},"excerpt":{"rendered":"<p>Az al\u00e1bbi nyomtat\u00f3kba haszn\u00e1lhat\u00f3: CANON: PIXMA IP1200, IP1300, IP1600, IP1700, IP1800, IP1900, IP2200, IP2500, IP2600, MP140, MP150, MP160, MP170, MP180, MP190, MP210, MP220, MP450, MP450X, MP460, MX300, MX310; FAX JX 200, JX210P, JX500, 510P, PIXMA IP1880, IP1980, IP2580, IP2680, MP145, MP198, MP228, MP476, MX308, MX318, FAX-JX200, JX201, JX210P, JX510P<\/p>\n","protected":false},"featured_media":929,"template":"","meta":{"_et_pb_use_builder":"","_et_pb_old_content":"","_et_gb_content_width":""},"product_brand":[],"product_cat":[16],"product_tag":[],"class_list":{"0":"post-869","1":"product","2":"type-product","3":"status-publish","4":"has-post-thumbnail","6":"product_cat-tintapatron","8":"first","9":"instock","10":"shipping-taxable","11":"purchasable","12":"product-type-simple"},"_links":{"self":[{"href":"https:\/\/iport.hu\/officeone\/wp-json\/wp\/v2\/product\/869","targetHints":{"allow":["GET"]}}],"collection":[{"href":"https:\/\/iport.hu\/officeone\/wp-json\/wp\/v2\/product"}],"about":[{"href":"https:\/\/iport.hu\/officeone\/wp-json\/wp\/v2\/types\/product"}],"wp:featuredmedia":[{"embeddable":true,"href":"https:\/\/iport.hu\/officeone\/wp-json\/wp\/v2\/media\/929"}],"wp:attachment":[{"href":"https:\/\/iport.hu\/officeone\/wp-json\/wp\/v2\/media?parent=869"}],"wp:term":[{"taxonomy":"product_brand","embeddable":true,"href":"https:\/\/iport.hu\/officeone\/wp-json\/wp\/v2\/product_brand?post=869"},{"taxonomy":"product_cat","embeddable":true,"href":"https:\/\/iport.hu\/officeone\/wp-json\/wp\/v2\/product_cat?post=869"},{"taxonomy":"product_tag","embeddable":true,"href":"https:\/\/iport.hu\/officeone\/wp-json\/wp\/v2\/product_tag?post=869"}],"curies":[{"name":"wp","href":"https:\/\/api.w.org\/{rel}","templated":true}]}}