{"id":854,"date":"2025-09-22T08:06:27","date_gmt":"2025-09-22T06:06:27","guid":{"rendered":"https:\/\/iport.hu\/officeone\/?post_type=product&#038;p=854"},"modified":"2025-10-05T17:08:33","modified_gmt":"2025-10-05T15:08:33","slug":"pgi570xl-black","status":"publish","type":"product","link":"https:\/\/iport.hu\/officeone\/termek\/pgi570xl-black\/","title":{"rendered":"PGI570XL Black"},"content":{"rendered":"<p>Az al\u00e1bbi nyomtat\u00f3kba haszn\u00e1lhat\u00f3:<\/p>\n<p>CANON: PIXMA MG5750, MG5751, MG5752, MG5753, MG6850, MG6851, MG6852, MG6853, MG7750, MG7751, MG7752, MG7753, CANON PIXMA MG5750, CANON PIXMA MG5751, CANON PIXMA MG5752, CANON PIXMA MG5753, CANON PIXMA MG6850, CANON PIXMA MG6851, CANON PIXMA MG6852, CANON PIXMA MG6853, PIXMA MG7750, PIXMA MG7751, PIXMA MG7752, PIXMA MG7753 <\/p>\n","protected":false},"excerpt":{"rendered":"<p>Az al\u00e1bbi nyomtat\u00f3kba haszn\u00e1lhat\u00f3: CANON: PIXMA MG5750, MG5751, MG5752, MG5753, MG6850, MG6851, MG6852, MG6853, MG7750, MG7751, MG7752, MG7753, CANON PIXMA MG5750, CANON PIXMA MG5751, CANON PIXMA MG5752, CANON PIXMA MG5753, CANON PIXMA MG6850, CANON PIXMA MG6851, CANON PIXMA MG6852, CANON PIXMA MG6853, PIXMA MG7750, PIXMA MG7751, PIXMA MG7752, PIXMA MG7753<\/p>\n","protected":false},"featured_media":929,"template":"","meta":{"_et_pb_use_builder":"","_et_pb_old_content":"","_et_gb_content_width":""},"product_brand":[],"product_cat":[16],"product_tag":[],"class_list":{"0":"post-854","1":"product","2":"type-product","3":"status-publish","4":"has-post-thumbnail","6":"product_cat-tintapatron","8":"first","9":"instock","10":"shipping-taxable","11":"purchasable","12":"product-type-simple"},"_links":{"self":[{"href":"https:\/\/iport.hu\/officeone\/wp-json\/wp\/v2\/product\/854","targetHints":{"allow":["GET"]}}],"collection":[{"href":"https:\/\/iport.hu\/officeone\/wp-json\/wp\/v2\/product"}],"about":[{"href":"https:\/\/iport.hu\/officeone\/wp-json\/wp\/v2\/types\/product"}],"wp:featuredmedia":[{"embeddable":true,"href":"https:\/\/iport.hu\/officeone\/wp-json\/wp\/v2\/media\/929"}],"wp:attachment":[{"href":"https:\/\/iport.hu\/officeone\/wp-json\/wp\/v2\/media?parent=854"}],"wp:term":[{"taxonomy":"product_brand","embeddable":true,"href":"https:\/\/iport.hu\/officeone\/wp-json\/wp\/v2\/product_brand?post=854"},{"taxonomy":"product_cat","embeddable":true,"href":"https:\/\/iport.hu\/officeone\/wp-json\/wp\/v2\/product_cat?post=854"},{"taxonomy":"product_tag","embeddable":true,"href":"https:\/\/iport.hu\/officeone\/wp-json\/wp\/v2\/product_tag?post=854"}],"curies":[{"name":"wp","href":"https:\/\/api.w.org\/{rel}","templated":true}]}}