{"id":846,"date":"2025-09-22T08:06:18","date_gmt":"2025-09-22T06:06:18","guid":{"rendered":"https:\/\/iport.hu\/officeone\/?post_type=product&#038;p=846"},"modified":"2025-10-05T17:08:32","modified_gmt":"2025-10-05T15:08:32","slug":"cli526-cyan","status":"publish","type":"product","link":"https:\/\/iport.hu\/officeone\/termek\/cli526-cyan\/","title":{"rendered":"CLI526 Cyan"},"content":{"rendered":"<p>Az al\u00e1bbi nyomtat\u00f3kba haszn\u00e1lhat\u00f3:<\/p>\n<p>CANON: PIXMA IP4850, IX6550, MG5150, MG5250, MG6150, MG8150, MX886, CANON PIXMA IP 4850, IX6550, MG5150, 5250, 6150, 8150, PIXMA MX885 <\/p>\n","protected":false},"excerpt":{"rendered":"<p>Az al\u00e1bbi nyomtat\u00f3kba haszn\u00e1lhat\u00f3: CANON: PIXMA IP4850, IX6550, MG5150, MG5250, MG6150, MG8150, MX886, CANON PIXMA IP 4850, IX6550, MG5150, 5250, 6150, 8150, PIXMA MX885<\/p>\n","protected":false},"featured_media":929,"template":"","meta":{"_et_pb_use_builder":"","_et_pb_old_content":"","_et_gb_content_width":""},"product_brand":[],"product_cat":[16],"product_tag":[],"class_list":{"0":"post-846","1":"product","2":"type-product","3":"status-publish","4":"has-post-thumbnail","6":"product_cat-tintapatron","8":"first","9":"instock","10":"shipping-taxable","11":"purchasable","12":"product-type-simple"},"_links":{"self":[{"href":"https:\/\/iport.hu\/officeone\/wp-json\/wp\/v2\/product\/846","targetHints":{"allow":["GET"]}}],"collection":[{"href":"https:\/\/iport.hu\/officeone\/wp-json\/wp\/v2\/product"}],"about":[{"href":"https:\/\/iport.hu\/officeone\/wp-json\/wp\/v2\/types\/product"}],"wp:featuredmedia":[{"embeddable":true,"href":"https:\/\/iport.hu\/officeone\/wp-json\/wp\/v2\/media\/929"}],"wp:attachment":[{"href":"https:\/\/iport.hu\/officeone\/wp-json\/wp\/v2\/media?parent=846"}],"wp:term":[{"taxonomy":"product_brand","embeddable":true,"href":"https:\/\/iport.hu\/officeone\/wp-json\/wp\/v2\/product_brand?post=846"},{"taxonomy":"product_cat","embeddable":true,"href":"https:\/\/iport.hu\/officeone\/wp-json\/wp\/v2\/product_cat?post=846"},{"taxonomy":"product_tag","embeddable":true,"href":"https:\/\/iport.hu\/officeone\/wp-json\/wp\/v2\/product_tag?post=846"}],"curies":[{"name":"wp","href":"https:\/\/api.w.org\/{rel}","templated":true}]}}