{"id":811,"date":"2025-09-22T08:06:10","date_gmt":"2025-09-22T06:06:10","guid":{"rendered":"https:\/\/iport.hu\/officeone\/?post_type=product&#038;p=811"},"modified":"2025-10-05T17:08:30","modified_gmt":"2025-10-05T15:08:30","slug":"lc125xl-cyan","status":"publish","type":"product","link":"https:\/\/iport.hu\/officeone\/termek\/lc125xl-cyan\/","title":{"rendered":"LC125XL Cyan"},"content":{"rendered":"<p>Az al\u00e1bbi nyomtat\u00f3kba haszn\u00e1lhat\u00f3:<\/p>\n<p>BROTHER: DCP-J 132 W, DCP-J 152 W, DCP-J 152 WR, DCP-J 4110 DW, DCP-J 4110 W, DCP-J 4410 W, DCP-J 552 DW; MFC-J 245, MFC-J 4310 DW, MFC-J 4410 DW, MFC-J 4510 DW, MFC-J 4610 DW, MFC-J 4710 DW, MFC-J 6520 DW, MFC-J 6720 DW, MFC-J 6920 DW, BROTHER DCP J4110DW, MFC J4410DW, MFC J4510DW, MFC J4710DW <\/p>\n","protected":false},"excerpt":{"rendered":"<p>Az al\u00e1bbi nyomtat\u00f3kba haszn\u00e1lhat\u00f3: BROTHER: DCP-J 132 W, DCP-J 152 W, DCP-J 152 WR, DCP-J 4110 DW, DCP-J 4110 W, DCP-J 4410 W, DCP-J 552 DW; MFC-J 245, MFC-J 4310 DW, MFC-J 4410 DW, MFC-J 4510 DW, MFC-J 4610 DW, MFC-J 4710 DW, MFC-J 6520 DW, MFC-J 6720 DW, MFC-J 6920 DW, BROTHER DCP J4110DW, [&hellip;]<\/p>\n","protected":false},"featured_media":929,"template":"","meta":{"_et_pb_use_builder":"","_et_pb_old_content":"","_et_gb_content_width":""},"product_brand":[],"product_cat":[16],"product_tag":[],"class_list":{"0":"post-811","1":"product","2":"type-product","3":"status-publish","4":"has-post-thumbnail","6":"product_cat-tintapatron","8":"first","9":"instock","10":"shipping-taxable","11":"purchasable","12":"product-type-simple"},"_links":{"self":[{"href":"https:\/\/iport.hu\/officeone\/wp-json\/wp\/v2\/product\/811","targetHints":{"allow":["GET"]}}],"collection":[{"href":"https:\/\/iport.hu\/officeone\/wp-json\/wp\/v2\/product"}],"about":[{"href":"https:\/\/iport.hu\/officeone\/wp-json\/wp\/v2\/types\/product"}],"wp:featuredmedia":[{"embeddable":true,"href":"https:\/\/iport.hu\/officeone\/wp-json\/wp\/v2\/media\/929"}],"wp:attachment":[{"href":"https:\/\/iport.hu\/officeone\/wp-json\/wp\/v2\/media?parent=811"}],"wp:term":[{"taxonomy":"product_brand","embeddable":true,"href":"https:\/\/iport.hu\/officeone\/wp-json\/wp\/v2\/product_brand?post=811"},{"taxonomy":"product_cat","embeddable":true,"href":"https:\/\/iport.hu\/officeone\/wp-json\/wp\/v2\/product_cat?post=811"},{"taxonomy":"product_tag","embeddable":true,"href":"https:\/\/iport.hu\/officeone\/wp-json\/wp\/v2\/product_tag?post=811"}],"curies":[{"name":"wp","href":"https:\/\/api.w.org\/{rel}","templated":true}]}}