{"id":791,"date":"2025-09-22T08:06:03","date_gmt":"2025-09-22T06:06:03","guid":{"rendered":"https:\/\/iport.hu\/officeone\/?post_type=product&#038;p=791"},"modified":"2025-10-05T17:08:29","modified_gmt":"2025-10-05T15:08:29","slug":"t0713-magenta","status":"publish","type":"product","link":"https:\/\/iport.hu\/officeone\/termek\/t0713-magenta\/","title":{"rendered":"T0713 Magenta"},"content":{"rendered":"<p>Az al\u00e1bbi nyomtat\u00f3kba haszn\u00e1lhat\u00f3:<\/p>\n<p>EPSON: STYLUS D 78, D 92, D 120, DX 4000, DX 4050, DX 4400, DX 4450, DX 5000, DX 5050, DX 5500, DX 6000, DX 6050, DX 7000F, DX 7400, DX 7450, DX 8400, DX 8450, DX 9200, DX 9400F, SX 100, SX 105, SX 110, SX 115, SX 200, SX 205, SX 210, SX 215, SX 218, SX 400, SX 400 WIFI, SX 405, SX 405 WIFI, 410, SX 415, SX 417, SX 510W, SX 515, SX 515W, SX 600FW, SX 610FW, S 20, 21, OFFICE B40W, BX300F, BX310FN, BX510W, BX600FW, BX610FW, EPSON STYLUS PHOTO D78, D120, DX4000, DX4050, DX5000, DX5050, DX6000, DX6050, DX7450, DX8450, STYLUS D92, DX4400, DX4450, DX7000, DX7000F, DX7400, DX8400, S20, S21, SX100, SX105, SX110, SX115, SX200, SX205, SX210, SX215, SX218, SX400, SX405, SX410, SX415, SX510W, SX515W, SX610FW, STYLUS <\/p>\n","protected":false},"excerpt":{"rendered":"<p>Az al\u00e1bbi nyomtat\u00f3kba haszn\u00e1lhat\u00f3: EPSON: STYLUS D 78, D 92, D 120, DX 4000, DX 4050, DX 4400, DX 4450, DX 5000, DX 5050, DX 5500, DX 6000, DX 6050, DX 7000F, DX 7400, DX 7450, DX 8400, DX 8450, DX 9200, DX 9400F, SX 100, SX 105, SX 110, SX 115, SX 200, SX [&hellip;]<\/p>\n","protected":false},"featured_media":929,"template":"","meta":{"_et_pb_use_builder":"","_et_pb_old_content":"","_et_gb_content_width":""},"product_brand":[],"product_cat":[16],"product_tag":[],"class_list":{"0":"post-791","1":"product","2":"type-product","3":"status-publish","4":"has-post-thumbnail","6":"product_cat-tintapatron","8":"first","9":"instock","10":"shipping-taxable","11":"purchasable","12":"product-type-simple"},"_links":{"self":[{"href":"https:\/\/iport.hu\/officeone\/wp-json\/wp\/v2\/product\/791","targetHints":{"allow":["GET"]}}],"collection":[{"href":"https:\/\/iport.hu\/officeone\/wp-json\/wp\/v2\/product"}],"about":[{"href":"https:\/\/iport.hu\/officeone\/wp-json\/wp\/v2\/types\/product"}],"wp:featuredmedia":[{"embeddable":true,"href":"https:\/\/iport.hu\/officeone\/wp-json\/wp\/v2\/media\/929"}],"wp:attachment":[{"href":"https:\/\/iport.hu\/officeone\/wp-json\/wp\/v2\/media?parent=791"}],"wp:term":[{"taxonomy":"product_brand","embeddable":true,"href":"https:\/\/iport.hu\/officeone\/wp-json\/wp\/v2\/product_brand?post=791"},{"taxonomy":"product_cat","embeddable":true,"href":"https:\/\/iport.hu\/officeone\/wp-json\/wp\/v2\/product_cat?post=791"},{"taxonomy":"product_tag","embeddable":true,"href":"https:\/\/iport.hu\/officeone\/wp-json\/wp\/v2\/product_tag?post=791"}],"curies":[{"name":"wp","href":"https:\/\/api.w.org\/{rel}","templated":true}]}}