{"id":788,"date":"2025-09-22T08:06:02","date_gmt":"2025-09-22T06:06:02","guid":{"rendered":"https:\/\/iport.hu\/officeone\/?post_type=product&#038;p=788"},"modified":"2025-10-05T17:08:27","modified_gmt":"2025-10-05T15:08:27","slug":"t6644-yellow","status":"publish","type":"product","link":"https:\/\/iport.hu\/officeone\/termek\/t6644-yellow\/","title":{"rendered":"T6644 Yellow"},"content":{"rendered":"<p>Az al\u00e1bbi nyomtat\u00f3kba haszn\u00e1lhat\u00f3:<\/p>\n<p>EPSON: L110, L210, L300, L355, L550, PREMIUM EPSON L100, L110, L111, L120, 130, 132, 200, 210, 220, 211, 222, 300, 301, 303, 310, 312, 313, 350, 351, 353, 355, 358, 360, 362, 363, 365, 366, 455, 456, 550, 551, 555, 558, 565, 655, 1300 <\/p>\n","protected":false},"excerpt":{"rendered":"<p>Az al\u00e1bbi nyomtat\u00f3kba haszn\u00e1lhat\u00f3: EPSON: L110, L210, L300, L355, L550, PREMIUM EPSON L100, L110, L111, L120, 130, 132, 200, 210, 220, 211, 222, 300, 301, 303, 310, 312, 313, 350, 351, 353, 355, 358, 360, 362, 363, 365, 366, 455, 456, 550, 551, 555, 558, 565, 655, 1300<\/p>\n","protected":false},"featured_media":929,"template":"","meta":{"_et_pb_use_builder":"","_et_pb_old_content":"","_et_gb_content_width":""},"product_brand":[],"product_cat":[16],"product_tag":[],"class_list":{"0":"post-788","1":"product","2":"type-product","3":"status-publish","4":"has-post-thumbnail","6":"product_cat-tintapatron","8":"first","9":"instock","10":"shipping-taxable","11":"purchasable","12":"product-type-simple"},"_links":{"self":[{"href":"https:\/\/iport.hu\/officeone\/wp-json\/wp\/v2\/product\/788","targetHints":{"allow":["GET"]}}],"collection":[{"href":"https:\/\/iport.hu\/officeone\/wp-json\/wp\/v2\/product"}],"about":[{"href":"https:\/\/iport.hu\/officeone\/wp-json\/wp\/v2\/types\/product"}],"wp:featuredmedia":[{"embeddable":true,"href":"https:\/\/iport.hu\/officeone\/wp-json\/wp\/v2\/media\/929"}],"wp:attachment":[{"href":"https:\/\/iport.hu\/officeone\/wp-json\/wp\/v2\/media?parent=788"}],"wp:term":[{"taxonomy":"product_brand","embeddable":true,"href":"https:\/\/iport.hu\/officeone\/wp-json\/wp\/v2\/product_brand?post=788"},{"taxonomy":"product_cat","embeddable":true,"href":"https:\/\/iport.hu\/officeone\/wp-json\/wp\/v2\/product_cat?post=788"},{"taxonomy":"product_tag","embeddable":true,"href":"https:\/\/iport.hu\/officeone\/wp-json\/wp\/v2\/product_tag?post=788"}],"curies":[{"name":"wp","href":"https:\/\/api.w.org\/{rel}","templated":true}]}}