{"id":777,"date":"2025-09-22T08:06:01","date_gmt":"2025-09-22T06:06:01","guid":{"rendered":"https:\/\/iport.hu\/officeone\/?post_type=product&#038;p=777"},"modified":"2025-10-05T17:08:27","modified_gmt":"2025-10-05T15:08:27","slug":"5110xl-t7891-black","status":"publish","type":"product","link":"https:\/\/iport.hu\/officeone\/termek\/5110xl-t7891-black\/","title":{"rendered":"5110XL\/T7891 Black"},"content":{"rendered":"<p>Az al\u00e1bbi nyomtat\u00f3kba haszn\u00e1lhat\u00f3:<\/p>\n<p>EPSON: WORKFORCE PRO WF-4630 DWF, PRO WF-4640 DTWF, PRO WF-5100 SERIES, PRO WF-5110 DW, PRO WF-5190 DW, PRO WF-5600 SERIES, PRO WF-5620 DWF, PRO WF-5690 DWF <\/p>\n","protected":false},"excerpt":{"rendered":"<p>Az al\u00e1bbi nyomtat\u00f3kba haszn\u00e1lhat\u00f3: EPSON: WORKFORCE PRO WF-4630 DWF, PRO WF-4640 DTWF, PRO WF-5100 SERIES, PRO WF-5110 DW, PRO WF-5190 DW, PRO WF-5600 SERIES, PRO WF-5620 DWF, PRO WF-5690 DWF<\/p>\n","protected":false},"featured_media":929,"template":"","meta":{"_et_pb_use_builder":"","_et_pb_old_content":"","_et_gb_content_width":""},"product_brand":[],"product_cat":[16],"product_tag":[],"class_list":{"0":"post-777","1":"product","2":"type-product","3":"status-publish","4":"has-post-thumbnail","6":"product_cat-tintapatron","8":"first","9":"instock","10":"shipping-taxable","11":"purchasable","12":"product-type-simple"},"_links":{"self":[{"href":"https:\/\/iport.hu\/officeone\/wp-json\/wp\/v2\/product\/777","targetHints":{"allow":["GET"]}}],"collection":[{"href":"https:\/\/iport.hu\/officeone\/wp-json\/wp\/v2\/product"}],"about":[{"href":"https:\/\/iport.hu\/officeone\/wp-json\/wp\/v2\/types\/product"}],"wp:featuredmedia":[{"embeddable":true,"href":"https:\/\/iport.hu\/officeone\/wp-json\/wp\/v2\/media\/929"}],"wp:attachment":[{"href":"https:\/\/iport.hu\/officeone\/wp-json\/wp\/v2\/media?parent=777"}],"wp:term":[{"taxonomy":"product_brand","embeddable":true,"href":"https:\/\/iport.hu\/officeone\/wp-json\/wp\/v2\/product_brand?post=777"},{"taxonomy":"product_cat","embeddable":true,"href":"https:\/\/iport.hu\/officeone\/wp-json\/wp\/v2\/product_cat?post=777"},{"taxonomy":"product_tag","embeddable":true,"href":"https:\/\/iport.hu\/officeone\/wp-json\/wp\/v2\/product_tag?post=777"}],"curies":[{"name":"wp","href":"https:\/\/api.w.org\/{rel}","templated":true}]}}