{"id":767,"date":"2025-09-22T08:05:59","date_gmt":"2025-09-22T06:05:59","guid":{"rendered":"https:\/\/iport.hu\/officeone\/?post_type=product&#038;p=767"},"modified":"2025-10-05T17:08:26","modified_gmt":"2025-10-05T15:08:26","slug":"33xl-t3363-magenta","status":"publish","type":"product","link":"https:\/\/iport.hu\/officeone\/termek\/33xl-t3363-magenta\/","title":{"rendered":"33XL\/T3363 Magenta"},"content":{"rendered":"<p>Az al\u00e1bbi nyomtat\u00f3kba haszn\u00e1lhat\u00f3:<\/p>\n<p>EPSON: EXPRESSION PREMIUM: XP530, XP630, XP635, XP830, EPSON PREMIUM XP-630, EPSON PREMIUM XP-530, EPSON PREMIUM XP-830, EPSON PREMIUM XP-635 <\/p>\n","protected":false},"excerpt":{"rendered":"<p>Az al\u00e1bbi nyomtat\u00f3kba haszn\u00e1lhat\u00f3: EPSON: EXPRESSION PREMIUM: XP530, XP630, XP635, XP830, EPSON PREMIUM XP-630, EPSON PREMIUM XP-530, EPSON PREMIUM XP-830, EPSON PREMIUM XP-635<\/p>\n","protected":false},"featured_media":929,"template":"","meta":{"_et_pb_use_builder":"","_et_pb_old_content":"","_et_gb_content_width":""},"product_brand":[],"product_cat":[16],"product_tag":[],"class_list":{"0":"post-767","1":"product","2":"type-product","3":"status-publish","4":"has-post-thumbnail","6":"product_cat-tintapatron","8":"first","9":"instock","10":"shipping-taxable","11":"purchasable","12":"product-type-simple"},"_links":{"self":[{"href":"https:\/\/iport.hu\/officeone\/wp-json\/wp\/v2\/product\/767","targetHints":{"allow":["GET"]}}],"collection":[{"href":"https:\/\/iport.hu\/officeone\/wp-json\/wp\/v2\/product"}],"about":[{"href":"https:\/\/iport.hu\/officeone\/wp-json\/wp\/v2\/types\/product"}],"wp:featuredmedia":[{"embeddable":true,"href":"https:\/\/iport.hu\/officeone\/wp-json\/wp\/v2\/media\/929"}],"wp:attachment":[{"href":"https:\/\/iport.hu\/officeone\/wp-json\/wp\/v2\/media?parent=767"}],"wp:term":[{"taxonomy":"product_brand","embeddable":true,"href":"https:\/\/iport.hu\/officeone\/wp-json\/wp\/v2\/product_brand?post=767"},{"taxonomy":"product_cat","embeddable":true,"href":"https:\/\/iport.hu\/officeone\/wp-json\/wp\/v2\/product_cat?post=767"},{"taxonomy":"product_tag","embeddable":true,"href":"https:\/\/iport.hu\/officeone\/wp-json\/wp\/v2\/product_tag?post=767"}],"curies":[{"name":"wp","href":"https:\/\/api.w.org\/{rel}","templated":true}]}}