{"id":736,"date":"2025-09-22T08:05:46","date_gmt":"2025-09-22T06:05:46","guid":{"rendered":"https:\/\/iport.hu\/officeone\/?post_type=product&#038;p=736"},"modified":"2025-10-05T17:08:24","modified_gmt":"2025-10-05T15:08:24","slug":"t1301-black","status":"publish","type":"product","link":"https:\/\/iport.hu\/officeone\/termek\/t1301-black\/","title":{"rendered":"T1301 Black"},"content":{"rendered":"<p>Az al\u00e1bbi nyomtat\u00f3kba haszn\u00e1lhat\u00f3:<\/p>\n<p>Epson: Stylus BX 925 FWD, Office B 42 WD, BX 525 WD, BX 535 WD, BX 625 FWD, BX 630 FW, BX 635 FWD, BX 925 FWD, BX 935 FWD, SX 525 WD, SX 535 WD, SX 620 FW; Workforce 525, 630, WF 3010 DW, WF 3520 DWF, WF 3530 DTWF, WF 3540 DTWF, WF 7015, WF 7515, WF 7525 <\/p>\n","protected":false},"excerpt":{"rendered":"<p>Az al\u00e1bbi nyomtat\u00f3kba haszn\u00e1lhat\u00f3: Epson: Stylus BX 925 FWD, Office B 42 WD, BX 525 WD, BX 535 WD, BX 625 FWD, BX 630 FW, BX 635 FWD, BX 925 FWD, BX 935 FWD, SX 525 WD, SX 535 WD, SX 620 FW; Workforce 525, 630, WF 3010 DW, WF 3520 DWF, WF 3530 DTWF, [&hellip;]<\/p>\n","protected":false},"featured_media":929,"template":"","meta":{"_et_pb_use_builder":"","_et_pb_old_content":"","_et_gb_content_width":""},"product_brand":[],"product_cat":[16],"product_tag":[],"class_list":{"0":"post-736","1":"product","2":"type-product","3":"status-publish","4":"has-post-thumbnail","6":"product_cat-tintapatron","8":"first","9":"instock","10":"shipping-taxable","11":"purchasable","12":"product-type-simple"},"_links":{"self":[{"href":"https:\/\/iport.hu\/officeone\/wp-json\/wp\/v2\/product\/736","targetHints":{"allow":["GET"]}}],"collection":[{"href":"https:\/\/iport.hu\/officeone\/wp-json\/wp\/v2\/product"}],"about":[{"href":"https:\/\/iport.hu\/officeone\/wp-json\/wp\/v2\/types\/product"}],"wp:featuredmedia":[{"embeddable":true,"href":"https:\/\/iport.hu\/officeone\/wp-json\/wp\/v2\/media\/929"}],"wp:attachment":[{"href":"https:\/\/iport.hu\/officeone\/wp-json\/wp\/v2\/media?parent=736"}],"wp:term":[{"taxonomy":"product_brand","embeddable":true,"href":"https:\/\/iport.hu\/officeone\/wp-json\/wp\/v2\/product_brand?post=736"},{"taxonomy":"product_cat","embeddable":true,"href":"https:\/\/iport.hu\/officeone\/wp-json\/wp\/v2\/product_cat?post=736"},{"taxonomy":"product_tag","embeddable":true,"href":"https:\/\/iport.hu\/officeone\/wp-json\/wp\/v2\/product_tag?post=736"}],"curies":[{"name":"wp","href":"https:\/\/api.w.org\/{rel}","templated":true}]}}