{"id":732,"date":"2025-09-22T08:05:45","date_gmt":"2025-09-22T06:05:45","guid":{"rendered":"https:\/\/iport.hu\/officeone\/?post_type=product&#038;p=732"},"modified":"2025-10-05T17:08:24","modified_gmt":"2025-10-05T15:08:24","slug":"t1291-black","status":"publish","type":"product","link":"https:\/\/iport.hu\/officeone\/termek\/t1291-black\/","title":{"rendered":"T1291 Black"},"content":{"rendered":"<p>Az al\u00e1bbi nyomtat\u00f3kba haszn\u00e1lhat\u00f3:<\/p>\n<p>EPSON: STYLUS OFFICE B 42WD, BX 305F, BX305FW, BX320FW, BX525WD, BX625FWD, BX925FWD, SX 420W, SX 425W, SX 525WD, SX 620FW; WORKFORCE 525, EPSON STYLUS SX420W, SX425W, SX525WD, SX620FW, OFFICE BX320FW, B42WD, BX305F, BX305FW, 525WD, BX625FWD, BX305F <\/p>\n","protected":false},"excerpt":{"rendered":"<p>Az al\u00e1bbi nyomtat\u00f3kba haszn\u00e1lhat\u00f3: EPSON: STYLUS OFFICE B 42WD, BX 305F, BX305FW, BX320FW, BX525WD, BX625FWD, BX925FWD, SX 420W, SX 425W, SX 525WD, SX 620FW; WORKFORCE 525, EPSON STYLUS SX420W, SX425W, SX525WD, SX620FW, OFFICE BX320FW, B42WD, BX305F, BX305FW, 525WD, BX625FWD, BX305F<\/p>\n","protected":false},"featured_media":929,"template":"","meta":{"_et_pb_use_builder":"","_et_pb_old_content":"","_et_gb_content_width":""},"product_brand":[],"product_cat":[16],"product_tag":[],"class_list":{"0":"post-732","1":"product","2":"type-product","3":"status-publish","4":"has-post-thumbnail","6":"product_cat-tintapatron","8":"first","9":"instock","10":"shipping-taxable","11":"purchasable","12":"product-type-simple"},"_links":{"self":[{"href":"https:\/\/iport.hu\/officeone\/wp-json\/wp\/v2\/product\/732","targetHints":{"allow":["GET"]}}],"collection":[{"href":"https:\/\/iport.hu\/officeone\/wp-json\/wp\/v2\/product"}],"about":[{"href":"https:\/\/iport.hu\/officeone\/wp-json\/wp\/v2\/types\/product"}],"wp:featuredmedia":[{"embeddable":true,"href":"https:\/\/iport.hu\/officeone\/wp-json\/wp\/v2\/media\/929"}],"wp:attachment":[{"href":"https:\/\/iport.hu\/officeone\/wp-json\/wp\/v2\/media?parent=732"}],"wp:term":[{"taxonomy":"product_brand","embeddable":true,"href":"https:\/\/iport.hu\/officeone\/wp-json\/wp\/v2\/product_brand?post=732"},{"taxonomy":"product_cat","embeddable":true,"href":"https:\/\/iport.hu\/officeone\/wp-json\/wp\/v2\/product_cat?post=732"},{"taxonomy":"product_tag","embeddable":true,"href":"https:\/\/iport.hu\/officeone\/wp-json\/wp\/v2\/product_tag?post=732"}],"curies":[{"name":"wp","href":"https:\/\/api.w.org\/{rel}","templated":true}]}}