{"id":716,"date":"2025-09-22T08:05:40","date_gmt":"2025-09-22T06:05:40","guid":{"rendered":"https:\/\/iport.hu\/officeone\/?post_type=product&#038;p=716"},"modified":"2025-10-05T17:08:21","modified_gmt":"2025-10-05T15:08:21","slug":"103-ts00-black","status":"publish","type":"product","link":"https:\/\/iport.hu\/officeone\/termek\/103-ts00-black\/","title":{"rendered":"103\/TS00 Black"},"content":{"rendered":"<p>Az al\u00e1bbi nyomtat\u00f3kba haszn\u00e1lhat\u00f3:<\/p>\n<p>EPSON: ECOTANK L1110, ECOTANK L3110, ECOTANK L3111, ECOTANK L3150, ECOTANK L3151, ECOTANK L3156, ECOTANK L3160, ECOTANK L5190 <\/p>\n","protected":false},"excerpt":{"rendered":"<p>Az al\u00e1bbi nyomtat\u00f3kba haszn\u00e1lhat\u00f3: EPSON: ECOTANK L1110, ECOTANK L3110, ECOTANK L3111, ECOTANK L3150, ECOTANK L3151, ECOTANK L3156, ECOTANK L3160, ECOTANK L5190<\/p>\n","protected":false},"featured_media":929,"template":"","meta":{"_et_pb_use_builder":"","_et_pb_old_content":"","_et_gb_content_width":""},"product_brand":[],"product_cat":[16],"product_tag":[],"class_list":{"0":"post-716","1":"product","2":"type-product","3":"status-publish","4":"has-post-thumbnail","6":"product_cat-tintapatron","8":"first","9":"instock","10":"shipping-taxable","11":"purchasable","12":"product-type-simple"},"_links":{"self":[{"href":"https:\/\/iport.hu\/officeone\/wp-json\/wp\/v2\/product\/716","targetHints":{"allow":["GET"]}}],"collection":[{"href":"https:\/\/iport.hu\/officeone\/wp-json\/wp\/v2\/product"}],"about":[{"href":"https:\/\/iport.hu\/officeone\/wp-json\/wp\/v2\/types\/product"}],"wp:featuredmedia":[{"embeddable":true,"href":"https:\/\/iport.hu\/officeone\/wp-json\/wp\/v2\/media\/929"}],"wp:attachment":[{"href":"https:\/\/iport.hu\/officeone\/wp-json\/wp\/v2\/media?parent=716"}],"wp:term":[{"taxonomy":"product_brand","embeddable":true,"href":"https:\/\/iport.hu\/officeone\/wp-json\/wp\/v2\/product_brand?post=716"},{"taxonomy":"product_cat","embeddable":true,"href":"https:\/\/iport.hu\/officeone\/wp-json\/wp\/v2\/product_cat?post=716"},{"taxonomy":"product_tag","embeddable":true,"href":"https:\/\/iport.hu\/officeone\/wp-json\/wp\/v2\/product_tag?post=716"}],"curies":[{"name":"wp","href":"https:\/\/api.w.org\/{rel}","templated":true}]}}