{"id":678,"date":"2025-09-22T08:05:30","date_gmt":"2025-09-22T06:05:30","guid":{"rendered":"https:\/\/iport.hu\/officeone\/?post_type=product&#038;p=678"},"modified":"2025-10-05T17:08:16","modified_gmt":"2025-10-05T15:08:16","slug":"okic310-magenta","status":"publish","type":"product","link":"https:\/\/iport.hu\/officeone\/termek\/okic310-magenta\/","title":{"rendered":"OKIC310 Magenta"},"content":{"rendered":"<p>Az al\u00e1bbi nyomtat\u00f3khoz haszn\u00e1lhat\u00f3:<\/p>\n<p>OKI: C 310DN, C 330DN, C 510DN, C 530DN; MC 351DN, MC361DN, MC561DN; C531DN, OKI C310, 330, 510, 530, 331DN, 511DN, 531DN OKI OF 300, MULTIFUNZIONE MC351DN, MC352DN, MC361DN, MC362DN, MC561CDTN, MC561DN, MC562DNW, MC562DN <\/p>\n","protected":false},"excerpt":{"rendered":"<p>Az al\u00e1bbi nyomtat\u00f3khoz haszn\u00e1lhat\u00f3: OKI: C 310DN, C 330DN, C 510DN, C 530DN; MC 351DN, MC361DN, MC561DN; C531DN, OKI C310, 330, 510, 530, 331DN, 511DN, 531DN OKI OF 300, MULTIFUNZIONE MC351DN, MC352DN, MC361DN, MC362DN, MC561CDTN, MC561DN, MC562DNW, MC562DN<\/p>\n","protected":false},"featured_media":929,"template":"","meta":{"_et_pb_use_builder":"","_et_pb_old_content":"","_et_gb_content_width":""},"product_brand":[],"product_cat":[19],"product_tag":[],"class_list":{"0":"post-678","1":"product","2":"type-product","3":"status-publish","4":"has-post-thumbnail","6":"product_cat-lezertoner","8":"first","9":"instock","10":"shipping-taxable","11":"purchasable","12":"product-type-simple"},"_links":{"self":[{"href":"https:\/\/iport.hu\/officeone\/wp-json\/wp\/v2\/product\/678","targetHints":{"allow":["GET"]}}],"collection":[{"href":"https:\/\/iport.hu\/officeone\/wp-json\/wp\/v2\/product"}],"about":[{"href":"https:\/\/iport.hu\/officeone\/wp-json\/wp\/v2\/types\/product"}],"wp:featuredmedia":[{"embeddable":true,"href":"https:\/\/iport.hu\/officeone\/wp-json\/wp\/v2\/media\/929"}],"wp:attachment":[{"href":"https:\/\/iport.hu\/officeone\/wp-json\/wp\/v2\/media?parent=678"}],"wp:term":[{"taxonomy":"product_brand","embeddable":true,"href":"https:\/\/iport.hu\/officeone\/wp-json\/wp\/v2\/product_brand?post=678"},{"taxonomy":"product_cat","embeddable":true,"href":"https:\/\/iport.hu\/officeone\/wp-json\/wp\/v2\/product_cat?post=678"},{"taxonomy":"product_tag","embeddable":true,"href":"https:\/\/iport.hu\/officeone\/wp-json\/wp\/v2\/product_tag?post=678"}],"curies":[{"name":"wp","href":"https:\/\/api.w.org\/{rel}","templated":true}]}}