{"id":670,"date":"2025-09-22T08:05:21","date_gmt":"2025-09-22T06:05:21","guid":{"rendered":"https:\/\/iport.hu\/officeone\/?post_type=product&#038;p=670"},"modified":"2025-10-05T17:08:15","modified_gmt":"2025-10-05T15:08:15","slug":"dr2400","status":"publish","type":"product","link":"https:\/\/iport.hu\/officeone\/termek\/dr2400\/","title":{"rendered":"DR2400"},"content":{"rendered":"<p>Az al\u00e1bbi nyomtat\u00f3khoz haszn\u00e1lhat\u00f3:<\/p>\n<p>BROTHER HL-L2310D, BROTHER HL-L2350DW, BROTHER HL-L2357DW, BROTHER HL-L2370DN, BROTHER HL-L2375DW, BROTHER DCP-L2510D, BROTHER DCP-L2530DW, BROTHER DCP-L2537DW, BROTHER DCP-L2550DN, BROTHER MFC-L2710DN, BROTHER MFC-L2710DW, BROTHER MFC-L2730DW, BROTHER MFC-L2750DW4, BROTHER DCP-L2510D, DCP-L2530DW, DCP-L2550DN, DCP-L2550DW, HL-L2310D, HL-L2350DW, HL-L2370DN, HL-L2375DW, MFC-L2710DN, MFC-L2710DW, MFC-L2713DW, MFC-L2730DW, MFC-L2750DW <\/p>\n","protected":false},"excerpt":{"rendered":"<p>Az al\u00e1bbi nyomtat\u00f3khoz haszn\u00e1lhat\u00f3: BROTHER HL-L2310D, BROTHER HL-L2350DW, BROTHER HL-L2357DW, BROTHER HL-L2370DN, BROTHER HL-L2375DW, BROTHER DCP-L2510D, BROTHER DCP-L2530DW, BROTHER DCP-L2537DW, BROTHER DCP-L2550DN, BROTHER MFC-L2710DN, BROTHER MFC-L2710DW, BROTHER MFC-L2730DW, BROTHER MFC-L2750DW4, BROTHER DCP-L2510D, DCP-L2530DW, DCP-L2550DN, DCP-L2550DW, HL-L2310D, HL-L2350DW, HL-L2370DN, HL-L2375DW, MFC-L2710DN, MFC-L2710DW, MFC-L2713DW, MFC-L2730DW, MFC-L2750DW<\/p>\n","protected":false},"featured_media":929,"template":"","meta":{"_et_pb_use_builder":"","_et_pb_old_content":"","_et_gb_content_width":""},"product_brand":[],"product_cat":[19],"product_tag":[],"class_list":{"0":"post-670","1":"product","2":"type-product","3":"status-publish","4":"has-post-thumbnail","6":"product_cat-lezertoner","8":"first","9":"instock","10":"shipping-taxable","11":"purchasable","12":"product-type-simple"},"_links":{"self":[{"href":"https:\/\/iport.hu\/officeone\/wp-json\/wp\/v2\/product\/670","targetHints":{"allow":["GET"]}}],"collection":[{"href":"https:\/\/iport.hu\/officeone\/wp-json\/wp\/v2\/product"}],"about":[{"href":"https:\/\/iport.hu\/officeone\/wp-json\/wp\/v2\/types\/product"}],"wp:featuredmedia":[{"embeddable":true,"href":"https:\/\/iport.hu\/officeone\/wp-json\/wp\/v2\/media\/929"}],"wp:attachment":[{"href":"https:\/\/iport.hu\/officeone\/wp-json\/wp\/v2\/media?parent=670"}],"wp:term":[{"taxonomy":"product_brand","embeddable":true,"href":"https:\/\/iport.hu\/officeone\/wp-json\/wp\/v2\/product_brand?post=670"},{"taxonomy":"product_cat","embeddable":true,"href":"https:\/\/iport.hu\/officeone\/wp-json\/wp\/v2\/product_cat?post=670"},{"taxonomy":"product_tag","embeddable":true,"href":"https:\/\/iport.hu\/officeone\/wp-json\/wp\/v2\/product_tag?post=670"}],"curies":[{"name":"wp","href":"https:\/\/api.w.org\/{rel}","templated":true}]}}