{"id":657,"date":"2025-09-22T08:05:19","date_gmt":"2025-09-22T06:05:19","guid":{"rendered":"https:\/\/iport.hu\/officeone\/?post_type=product&#038;p=657"},"modified":"2025-10-05T17:08:14","modified_gmt":"2025-10-05T15:08:14","slug":"tn3480","status":"publish","type":"product","link":"https:\/\/iport.hu\/officeone\/termek\/tn3480\/","title":{"rendered":"TN3480"},"content":{"rendered":"<p>Az al\u00e1bbi nyomtat\u00f3khoz haszn\u00e1lhat\u00f3:<\/p>\n<p>BROTHER: DCP-L5500DN, DCP-L6600DW, HL-L5000D, HL-L5100DN, HL-L5100DNT, HL-L5200DW, HL-L5200DWT, HL-L6250DN, HL-L6300DW, HL-L6300DWT, HL-L6400DW, HL-L6400DWT, MFC-L5700DN, MFC-L5750DW, MFC-L6800DW, MFC-L6800DWT, MFC-L6900DW, MFC-L6900DWT, BROTHER HL-L5000D, HL-L6250DN, HL-L6300DW(T), , HL-L6400DW(T),DCP-L5500DN. DCP-L6600DW, , MFC-L5700DN, MFC-L5700DW, , MFC-L6800DW, MFC-L6900DW. <\/p>\n","protected":false},"excerpt":{"rendered":"<p>Az al\u00e1bbi nyomtat\u00f3khoz haszn\u00e1lhat\u00f3: BROTHER: DCP-L5500DN, DCP-L6600DW, HL-L5000D, HL-L5100DN, HL-L5100DNT, HL-L5200DW, HL-L5200DWT, HL-L6250DN, HL-L6300DW, HL-L6300DWT, HL-L6400DW, HL-L6400DWT, MFC-L5700DN, MFC-L5750DW, MFC-L6800DW, MFC-L6800DWT, MFC-L6900DW, MFC-L6900DWT, BROTHER HL-L5000D, HL-L6250DN, HL-L6300DW(T), , HL-L6400DW(T),DCP-L5500DN. DCP-L6600DW, , MFC-L5700DN, MFC-L5700DW, , MFC-L6800DW, MFC-L6900DW.<\/p>\n","protected":false},"featured_media":929,"template":"","meta":{"_et_pb_use_builder":"","_et_pb_old_content":"","_et_gb_content_width":""},"product_brand":[],"product_cat":[19],"product_tag":[],"class_list":{"0":"post-657","1":"product","2":"type-product","3":"status-publish","4":"has-post-thumbnail","6":"product_cat-lezertoner","8":"first","9":"instock","10":"shipping-taxable","11":"purchasable","12":"product-type-simple"},"_links":{"self":[{"href":"https:\/\/iport.hu\/officeone\/wp-json\/wp\/v2\/product\/657","targetHints":{"allow":["GET"]}}],"collection":[{"href":"https:\/\/iport.hu\/officeone\/wp-json\/wp\/v2\/product"}],"about":[{"href":"https:\/\/iport.hu\/officeone\/wp-json\/wp\/v2\/types\/product"}],"wp:featuredmedia":[{"embeddable":true,"href":"https:\/\/iport.hu\/officeone\/wp-json\/wp\/v2\/media\/929"}],"wp:attachment":[{"href":"https:\/\/iport.hu\/officeone\/wp-json\/wp\/v2\/media?parent=657"}],"wp:term":[{"taxonomy":"product_brand","embeddable":true,"href":"https:\/\/iport.hu\/officeone\/wp-json\/wp\/v2\/product_brand?post=657"},{"taxonomy":"product_cat","embeddable":true,"href":"https:\/\/iport.hu\/officeone\/wp-json\/wp\/v2\/product_cat?post=657"},{"taxonomy":"product_tag","embeddable":true,"href":"https:\/\/iport.hu\/officeone\/wp-json\/wp\/v2\/product_tag?post=657"}],"curies":[{"name":"wp","href":"https:\/\/api.w.org\/{rel}","templated":true}]}}