{"id":656,"date":"2025-09-22T08:05:19","date_gmt":"2025-09-22T06:05:19","guid":{"rendered":"https:\/\/iport.hu\/officeone\/?post_type=product&#038;p=656"},"modified":"2025-10-05T17:08:14","modified_gmt":"2025-10-05T15:08:14","slug":"tn3380","status":"publish","type":"product","link":"https:\/\/iport.hu\/officeone\/termek\/tn3380\/","title":{"rendered":"TN3380"},"content":{"rendered":"<p>Az al\u00e1bbi nyomtat\u00f3khoz haszn\u00e1lhat\u00f3:<\/p>\n<p>BROTHER: DCP 8110 DN, DCP 8155 DN, DCP 8250 DN; HL 5440 D, HL 5450, HL 5450 D, HL 5450 DN, HL 5450 DNT, HL 5470 DW, HL 5480 DW, HL 6180 DW, HL 6180 DWT; MFC 8510 DN, MFC 8520 DN, MFC 8910 DW, MFC 8950 DW, MFC 8950 DWT, BROTHER HL-5440, 5440D, 5445, 5450DN, 5470DW, HL-5452, 5472, 6180DW, MFC-8510, 8110, 8250, 8520, 8710DW, 8910DW, 8950DW, MFC-8950, 8952 <\/p>\n","protected":false},"excerpt":{"rendered":"<p>Az al\u00e1bbi nyomtat\u00f3khoz haszn\u00e1lhat\u00f3: BROTHER: DCP 8110 DN, DCP 8155 DN, DCP 8250 DN; HL 5440 D, HL 5450, HL 5450 D, HL 5450 DN, HL 5450 DNT, HL 5470 DW, HL 5480 DW, HL 6180 DW, HL 6180 DWT; MFC 8510 DN, MFC 8520 DN, MFC 8910 DW, MFC 8950 DW, MFC 8950 DWT, [&hellip;]<\/p>\n","protected":false},"featured_media":929,"template":"","meta":{"_et_pb_use_builder":"","_et_pb_old_content":"","_et_gb_content_width":""},"product_brand":[],"product_cat":[19],"product_tag":[],"class_list":{"0":"post-656","1":"product","2":"type-product","3":"status-publish","4":"has-post-thumbnail","6":"product_cat-lezertoner","8":"first","9":"instock","10":"shipping-taxable","11":"purchasable","12":"product-type-simple"},"_links":{"self":[{"href":"https:\/\/iport.hu\/officeone\/wp-json\/wp\/v2\/product\/656","targetHints":{"allow":["GET"]}}],"collection":[{"href":"https:\/\/iport.hu\/officeone\/wp-json\/wp\/v2\/product"}],"about":[{"href":"https:\/\/iport.hu\/officeone\/wp-json\/wp\/v2\/types\/product"}],"wp:featuredmedia":[{"embeddable":true,"href":"https:\/\/iport.hu\/officeone\/wp-json\/wp\/v2\/media\/929"}],"wp:attachment":[{"href":"https:\/\/iport.hu\/officeone\/wp-json\/wp\/v2\/media?parent=656"}],"wp:term":[{"taxonomy":"product_brand","embeddable":true,"href":"https:\/\/iport.hu\/officeone\/wp-json\/wp\/v2\/product_brand?post=656"},{"taxonomy":"product_cat","embeddable":true,"href":"https:\/\/iport.hu\/officeone\/wp-json\/wp\/v2\/product_cat?post=656"},{"taxonomy":"product_tag","embeddable":true,"href":"https:\/\/iport.hu\/officeone\/wp-json\/wp\/v2\/product_tag?post=656"}],"curies":[{"name":"wp","href":"https:\/\/api.w.org\/{rel}","templated":true}]}}