{"id":650,"date":"2025-09-22T08:05:18","date_gmt":"2025-09-22T06:05:18","guid":{"rendered":"https:\/\/iport.hu\/officeone\/?post_type=product&#038;p=650"},"modified":"2025-10-05T17:08:14","modified_gmt":"2025-10-05T15:08:14","slug":"tn325-cyan","status":"publish","type":"product","link":"https:\/\/iport.hu\/officeone\/termek\/tn325-cyan\/","title":{"rendered":"TN325 Cyan"},"content":{"rendered":"<p>Az al\u00e1bbi nyomtat\u00f3khoz haszn\u00e1lhat\u00f3:<\/p>\n<p>BROTHER: HL 4150 CDN, HL 4570 CDW, HL 4570 CDWT, HL 4140 CN; DCP9055 CDN, DCP9270 CDN; MFC9465 CDN, MFC 9460 CDN, MFC 9970 CDW, BROTHER HL-4140CN, 4150CDN, 4570CDW, 4570CDWT MFC-9460CDN, 9465CDN, 9560CDW, 9970CDW DCP-9055CDN <\/p>\n","protected":false},"excerpt":{"rendered":"<p>Az al\u00e1bbi nyomtat\u00f3khoz haszn\u00e1lhat\u00f3: BROTHER: HL 4150 CDN, HL 4570 CDW, HL 4570 CDWT, HL 4140 CN; DCP9055 CDN, DCP9270 CDN; MFC9465 CDN, MFC 9460 CDN, MFC 9970 CDW, BROTHER HL-4140CN, 4150CDN, 4570CDW, 4570CDWT MFC-9460CDN, 9465CDN, 9560CDW, 9970CDW DCP-9055CDN<\/p>\n","protected":false},"featured_media":929,"template":"","meta":{"_et_pb_use_builder":"","_et_pb_old_content":"","_et_gb_content_width":""},"product_brand":[],"product_cat":[19],"product_tag":[],"class_list":{"0":"post-650","1":"product","2":"type-product","3":"status-publish","4":"has-post-thumbnail","6":"product_cat-lezertoner","8":"first","9":"instock","10":"shipping-taxable","11":"purchasable","12":"product-type-simple"},"_links":{"self":[{"href":"https:\/\/iport.hu\/officeone\/wp-json\/wp\/v2\/product\/650","targetHints":{"allow":["GET"]}}],"collection":[{"href":"https:\/\/iport.hu\/officeone\/wp-json\/wp\/v2\/product"}],"about":[{"href":"https:\/\/iport.hu\/officeone\/wp-json\/wp\/v2\/types\/product"}],"wp:featuredmedia":[{"embeddable":true,"href":"https:\/\/iport.hu\/officeone\/wp-json\/wp\/v2\/media\/929"}],"wp:attachment":[{"href":"https:\/\/iport.hu\/officeone\/wp-json\/wp\/v2\/media?parent=650"}],"wp:term":[{"taxonomy":"product_brand","embeddable":true,"href":"https:\/\/iport.hu\/officeone\/wp-json\/wp\/v2\/product_brand?post=650"},{"taxonomy":"product_cat","embeddable":true,"href":"https:\/\/iport.hu\/officeone\/wp-json\/wp\/v2\/product_cat?post=650"},{"taxonomy":"product_tag","embeddable":true,"href":"https:\/\/iport.hu\/officeone\/wp-json\/wp\/v2\/product_tag?post=650"}],"curies":[{"name":"wp","href":"https:\/\/api.w.org\/{rel}","templated":true}]}}