{"id":642,"date":"2025-09-22T08:05:17","date_gmt":"2025-09-22T06:05:17","guid":{"rendered":"https:\/\/iport.hu\/officeone\/?post_type=product&#038;p=642"},"modified":"2025-10-05T17:08:13","modified_gmt":"2025-10-05T15:08:13","slug":"tn3170","status":"publish","type":"product","link":"https:\/\/iport.hu\/officeone\/termek\/tn3170\/","title":{"rendered":"TN3170"},"content":{"rendered":"<p>Az al\u00e1bbi nyomtat\u00f3khoz haszn\u00e1lhat\u00f3:<\/p>\n<p>BROTHER: HL 5200, HL 5240, HL 5240L, HL 5250DN, HL 5250DNHY, HL 5270DN, HL 5270DN 2 LT, HL 5280DW; MFC 8460N, 8860DN, MFC8860N, MFC 8870DW; DCP 8060, DCP 8065DN; HL-5240L, HL-5250DN, HL-5270DN, BROTHER DCP 8060, DCP 8065DN, MFC 8460N, , MFC 8660DN, MFC 8860DN, MFC 8870DWDCP 8080DN, DCP 8085DN, MFC 8370, MFC 8480DN, MFC 8680DN, MFC 8880DN, , MFC 8890DW, BROTHERHL 5340D, 5350DN, 5350DNLT, 5370DW, , 5370DWT, 5380DN, HL 5240, HL 5250DN, HL 5250DNT, HL 5270DN, HL 5280DW <\/p>\n","protected":false},"excerpt":{"rendered":"<p>Az al\u00e1bbi nyomtat\u00f3khoz haszn\u00e1lhat\u00f3: BROTHER: HL 5200, HL 5240, HL 5240L, HL 5250DN, HL 5250DNHY, HL 5270DN, HL 5270DN 2 LT, HL 5280DW; MFC 8460N, 8860DN, MFC8860N, MFC 8870DW; DCP 8060, DCP 8065DN; HL-5240L, HL-5250DN, HL-5270DN, BROTHER DCP 8060, DCP 8065DN, MFC 8460N, , MFC 8660DN, MFC 8860DN, MFC 8870DWDCP 8080DN, DCP 8085DN, MFC 8370, [&hellip;]<\/p>\n","protected":false},"featured_media":929,"template":"","meta":{"_et_pb_use_builder":"","_et_pb_old_content":"","_et_gb_content_width":""},"product_brand":[],"product_cat":[19],"product_tag":[],"class_list":{"0":"post-642","1":"product","2":"type-product","3":"status-publish","4":"has-post-thumbnail","6":"product_cat-lezertoner","8":"first","9":"instock","10":"shipping-taxable","11":"purchasable","12":"product-type-simple"},"_links":{"self":[{"href":"https:\/\/iport.hu\/officeone\/wp-json\/wp\/v2\/product\/642","targetHints":{"allow":["GET"]}}],"collection":[{"href":"https:\/\/iport.hu\/officeone\/wp-json\/wp\/v2\/product"}],"about":[{"href":"https:\/\/iport.hu\/officeone\/wp-json\/wp\/v2\/types\/product"}],"wp:featuredmedia":[{"embeddable":true,"href":"https:\/\/iport.hu\/officeone\/wp-json\/wp\/v2\/media\/929"}],"wp:attachment":[{"href":"https:\/\/iport.hu\/officeone\/wp-json\/wp\/v2\/media?parent=642"}],"wp:term":[{"taxonomy":"product_brand","embeddable":true,"href":"https:\/\/iport.hu\/officeone\/wp-json\/wp\/v2\/product_brand?post=642"},{"taxonomy":"product_cat","embeddable":true,"href":"https:\/\/iport.hu\/officeone\/wp-json\/wp\/v2\/product_cat?post=642"},{"taxonomy":"product_tag","embeddable":true,"href":"https:\/\/iport.hu\/officeone\/wp-json\/wp\/v2\/product_tag?post=642"}],"curies":[{"name":"wp","href":"https:\/\/api.w.org\/{rel}","templated":true}]}}