{"id":619,"date":"2025-09-22T08:05:09","date_gmt":"2025-09-22T06:05:09","guid":{"rendered":"https:\/\/iport.hu\/officeone\/?post_type=product&#038;p=619"},"modified":"2025-10-05T17:08:10","modified_gmt":"2025-10-05T15:08:10","slug":"tn230-black","status":"publish","type":"product","link":"https:\/\/iport.hu\/officeone\/termek\/tn230-black\/","title":{"rendered":"TN230 Black"},"content":{"rendered":"<p>Az al\u00e1bbi nyomtat\u00f3khoz haszn\u00e1lhat\u00f3:<\/p>\n<p>BROTHER: HL 3040CN, HL 3070CN, HL 3070 CW; MFC 9120CN, MFC 9320CW; DCP 9010CN, HL-3040CN, 3070CW, MFC-9120CN, BROTHER HL-3040CN, 3070CW, HL-3045CN, 3075CW, MFC-9010CN, 9120CN, 9320CW, DCP-9010CN <\/p>\n","protected":false},"excerpt":{"rendered":"<p>Az al\u00e1bbi nyomtat\u00f3khoz haszn\u00e1lhat\u00f3: BROTHER: HL 3040CN, HL 3070CN, HL 3070 CW; MFC 9120CN, MFC 9320CW; DCP 9010CN, HL-3040CN, 3070CW, MFC-9120CN, BROTHER HL-3040CN, 3070CW, HL-3045CN, 3075CW, MFC-9010CN, 9120CN, 9320CW, DCP-9010CN<\/p>\n","protected":false},"featured_media":929,"template":"","meta":{"_et_pb_use_builder":"","_et_pb_old_content":"","_et_gb_content_width":""},"product_brand":[],"product_cat":[19],"product_tag":[],"class_list":{"0":"post-619","1":"product","2":"type-product","3":"status-publish","4":"has-post-thumbnail","6":"product_cat-lezertoner","8":"first","9":"instock","10":"shipping-taxable","11":"purchasable","12":"product-type-simple"},"_links":{"self":[{"href":"https:\/\/iport.hu\/officeone\/wp-json\/wp\/v2\/product\/619","targetHints":{"allow":["GET"]}}],"collection":[{"href":"https:\/\/iport.hu\/officeone\/wp-json\/wp\/v2\/product"}],"about":[{"href":"https:\/\/iport.hu\/officeone\/wp-json\/wp\/v2\/types\/product"}],"wp:featuredmedia":[{"embeddable":true,"href":"https:\/\/iport.hu\/officeone\/wp-json\/wp\/v2\/media\/929"}],"wp:attachment":[{"href":"https:\/\/iport.hu\/officeone\/wp-json\/wp\/v2\/media?parent=619"}],"wp:term":[{"taxonomy":"product_brand","embeddable":true,"href":"https:\/\/iport.hu\/officeone\/wp-json\/wp\/v2\/product_brand?post=619"},{"taxonomy":"product_cat","embeddable":true,"href":"https:\/\/iport.hu\/officeone\/wp-json\/wp\/v2\/product_cat?post=619"},{"taxonomy":"product_tag","embeddable":true,"href":"https:\/\/iport.hu\/officeone\/wp-json\/wp\/v2\/product_tag?post=619"}],"curies":[{"name":"wp","href":"https:\/\/api.w.org\/{rel}","templated":true}]}}