{"id":618,"date":"2025-09-22T08:05:09","date_gmt":"2025-09-22T06:05:09","guid":{"rendered":"https:\/\/iport.hu\/officeone\/?post_type=product&#038;p=618"},"modified":"2025-10-05T17:08:10","modified_gmt":"2025-10-05T15:08:10","slug":"tn2010-2220","status":"publish","type":"product","link":"https:\/\/iport.hu\/officeone\/termek\/tn2010-2220\/","title":{"rendered":"TN2010\/2220"},"content":{"rendered":"<p>Az al\u00e1bbi nyomtat\u00f3khoz haszn\u00e1lhat\u00f3:<\/p>\n<p>BROTHER: HL 2240, HL 2240D, HL 2240L, HL 2250DN, HL 2270DW; MFC 7360N, MFC 7460DN, MFC 7860DW; DCP 7060D, DCP 7065DN, DCP 7070DW; MFC 7360, MFC-7360, BROTHER HL-2130, 2132, 2220, 2230, 2240, 2240D, 2240R, 2240DR, 2242D, 2250DN, 2250DNR, 2270DW, 2280DW, MFC-7360N, 7460DN, 7860DW, DCP-7070, 7057R, 7060D, 7060R, 7065DN, 7070DW, MFC-7470 <\/p>\n","protected":false},"excerpt":{"rendered":"<p>Az al\u00e1bbi nyomtat\u00f3khoz haszn\u00e1lhat\u00f3: BROTHER: HL 2240, HL 2240D, HL 2240L, HL 2250DN, HL 2270DW; MFC 7360N, MFC 7460DN, MFC 7860DW; DCP 7060D, DCP 7065DN, DCP 7070DW; MFC 7360, MFC-7360, BROTHER HL-2130, 2132, 2220, 2230, 2240, 2240D, 2240R, 2240DR, 2242D, 2250DN, 2250DNR, 2270DW, 2280DW, MFC-7360N, 7460DN, 7860DW, DCP-7070, 7057R, 7060D, 7060R, 7065DN, 7070DW, MFC-7470<\/p>\n","protected":false},"featured_media":929,"template":"","meta":{"_et_pb_use_builder":"","_et_pb_old_content":"","_et_gb_content_width":""},"product_brand":[],"product_cat":[19],"product_tag":[],"class_list":{"0":"post-618","1":"product","2":"type-product","3":"status-publish","4":"has-post-thumbnail","6":"product_cat-lezertoner","8":"first","9":"instock","10":"shipping-taxable","11":"purchasable","12":"product-type-simple"},"_links":{"self":[{"href":"https:\/\/iport.hu\/officeone\/wp-json\/wp\/v2\/product\/618","targetHints":{"allow":["GET"]}}],"collection":[{"href":"https:\/\/iport.hu\/officeone\/wp-json\/wp\/v2\/product"}],"about":[{"href":"https:\/\/iport.hu\/officeone\/wp-json\/wp\/v2\/types\/product"}],"wp:featuredmedia":[{"embeddable":true,"href":"https:\/\/iport.hu\/officeone\/wp-json\/wp\/v2\/media\/929"}],"wp:attachment":[{"href":"https:\/\/iport.hu\/officeone\/wp-json\/wp\/v2\/media?parent=618"}],"wp:term":[{"taxonomy":"product_brand","embeddable":true,"href":"https:\/\/iport.hu\/officeone\/wp-json\/wp\/v2\/product_brand?post=618"},{"taxonomy":"product_cat","embeddable":true,"href":"https:\/\/iport.hu\/officeone\/wp-json\/wp\/v2\/product_cat?post=618"},{"taxonomy":"product_tag","embeddable":true,"href":"https:\/\/iport.hu\/officeone\/wp-json\/wp\/v2\/product_tag?post=618"}],"curies":[{"name":"wp","href":"https:\/\/api.w.org\/{rel}","templated":true}]}}