{"id":617,"date":"2025-09-22T08:05:09","date_gmt":"2025-09-22T06:05:09","guid":{"rendered":"https:\/\/iport.hu\/officeone\/?post_type=product&#038;p=617"},"modified":"2025-10-05T17:08:10","modified_gmt":"2025-10-05T15:08:10","slug":"tn2120","status":"publish","type":"product","link":"https:\/\/iport.hu\/officeone\/termek\/tn2120\/","title":{"rendered":"TN2120"},"content":{"rendered":"<p>Az al\u00e1bbi nyomtat\u00f3khoz haszn\u00e1lhat\u00f3:<\/p>\n<p>BROTHER: HL 2140, HL 2150N, HL 2170W; DCP 7030, DCP 7040, DCP 7045N; MFC 7320, MFC 7340, MFC 7440N, MFC 7840W, BROTHER HL2140, 2150N, 2170W, MFC-7440N, MFC-7840W, MFC 7320, 7340, 7440N, 7450, 7840W, DCP 7030, 7040, 7045 LENOVO LJ2200, LJ2200L, 2250, 2250N RICOH SP 1200 <\/p>\n","protected":false},"excerpt":{"rendered":"<p>Az al\u00e1bbi nyomtat\u00f3khoz haszn\u00e1lhat\u00f3: BROTHER: HL 2140, HL 2150N, HL 2170W; DCP 7030, DCP 7040, DCP 7045N; MFC 7320, MFC 7340, MFC 7440N, MFC 7840W, BROTHER HL2140, 2150N, 2170W, MFC-7440N, MFC-7840W, MFC 7320, 7340, 7440N, 7450, 7840W, DCP 7030, 7040, 7045 LENOVO LJ2200, LJ2200L, 2250, 2250N RICOH SP 1200<\/p>\n","protected":false},"featured_media":929,"template":"","meta":{"_et_pb_use_builder":"","_et_pb_old_content":"","_et_gb_content_width":""},"product_brand":[],"product_cat":[19],"product_tag":[],"class_list":{"0":"post-617","1":"product","2":"type-product","3":"status-publish","4":"has-post-thumbnail","6":"product_cat-lezertoner","8":"first","9":"instock","10":"shipping-taxable","11":"purchasable","12":"product-type-simple"},"_links":{"self":[{"href":"https:\/\/iport.hu\/officeone\/wp-json\/wp\/v2\/product\/617","targetHints":{"allow":["GET"]}}],"collection":[{"href":"https:\/\/iport.hu\/officeone\/wp-json\/wp\/v2\/product"}],"about":[{"href":"https:\/\/iport.hu\/officeone\/wp-json\/wp\/v2\/types\/product"}],"wp:featuredmedia":[{"embeddable":true,"href":"https:\/\/iport.hu\/officeone\/wp-json\/wp\/v2\/media\/929"}],"wp:attachment":[{"href":"https:\/\/iport.hu\/officeone\/wp-json\/wp\/v2\/media?parent=617"}],"wp:term":[{"taxonomy":"product_brand","embeddable":true,"href":"https:\/\/iport.hu\/officeone\/wp-json\/wp\/v2\/product_brand?post=617"},{"taxonomy":"product_cat","embeddable":true,"href":"https:\/\/iport.hu\/officeone\/wp-json\/wp\/v2\/product_cat?post=617"},{"taxonomy":"product_tag","embeddable":true,"href":"https:\/\/iport.hu\/officeone\/wp-json\/wp\/v2\/product_tag?post=617"}],"curies":[{"name":"wp","href":"https:\/\/api.w.org\/{rel}","templated":true}]}}