{"id":592,"date":"2025-09-22T08:04:59","date_gmt":"2025-09-22T06:04:59","guid":{"rendered":"https:\/\/iport.hu\/officeone\/?post_type=product&#038;p=592"},"modified":"2025-10-05T17:08:08","modified_gmt":"2025-10-05T15:08:08","slug":"tk410","status":"publish","type":"product","link":"https:\/\/iport.hu\/officeone\/termek\/tk410\/","title":{"rendered":"TK410"},"content":{"rendered":"<p>Az al\u00e1bbi nyomtat\u00f3khoz haszn\u00e1lhat\u00f3:<\/p>\n<p>KYOCERA: KM 1620, KM 1635, KM 1635J, KM 1650, KM 1650F, KM 1650J, KM 1650S, KM 2020, KM 2035, KM 2050, KM 2050F, KM 2050S, KM-1635, 1650, 2035, 2050, 1620, 2020 <\/p>\n","protected":false},"excerpt":{"rendered":"<p>Az al\u00e1bbi nyomtat\u00f3khoz haszn\u00e1lhat\u00f3: KYOCERA: KM 1620, KM 1635, KM 1635J, KM 1650, KM 1650F, KM 1650J, KM 1650S, KM 2020, KM 2035, KM 2050, KM 2050F, KM 2050S, KM-1635, 1650, 2035, 2050, 1620, 2020<\/p>\n","protected":false},"featured_media":929,"template":"","meta":{"_et_pb_use_builder":"","_et_pb_old_content":"","_et_gb_content_width":""},"product_brand":[],"product_cat":[19],"product_tag":[],"class_list":{"0":"post-592","1":"product","2":"type-product","3":"status-publish","4":"has-post-thumbnail","6":"product_cat-lezertoner","8":"first","9":"instock","10":"shipping-taxable","11":"purchasable","12":"product-type-simple"},"_links":{"self":[{"href":"https:\/\/iport.hu\/officeone\/wp-json\/wp\/v2\/product\/592","targetHints":{"allow":["GET"]}}],"collection":[{"href":"https:\/\/iport.hu\/officeone\/wp-json\/wp\/v2\/product"}],"about":[{"href":"https:\/\/iport.hu\/officeone\/wp-json\/wp\/v2\/types\/product"}],"wp:featuredmedia":[{"embeddable":true,"href":"https:\/\/iport.hu\/officeone\/wp-json\/wp\/v2\/media\/929"}],"wp:attachment":[{"href":"https:\/\/iport.hu\/officeone\/wp-json\/wp\/v2\/media?parent=592"}],"wp:term":[{"taxonomy":"product_brand","embeddable":true,"href":"https:\/\/iport.hu\/officeone\/wp-json\/wp\/v2\/product_brand?post=592"},{"taxonomy":"product_cat","embeddable":true,"href":"https:\/\/iport.hu\/officeone\/wp-json\/wp\/v2\/product_cat?post=592"},{"taxonomy":"product_tag","embeddable":true,"href":"https:\/\/iport.hu\/officeone\/wp-json\/wp\/v2\/product_tag?post=592"}],"curies":[{"name":"wp","href":"https:\/\/api.w.org\/{rel}","templated":true}]}}