{"id":587,"date":"2025-09-22T08:04:58","date_gmt":"2025-09-22T06:04:58","guid":{"rendered":"https:\/\/iport.hu\/officeone\/?post_type=product&#038;p=587"},"modified":"2025-10-05T17:08:08","modified_gmt":"2025-10-05T15:08:08","slug":"clt4092-4072-cyan","status":"publish","type":"product","link":"https:\/\/iport.hu\/officeone\/termek\/clt4092-4072-cyan\/","title":{"rendered":"CLT4092\/4072 Cyan"},"content":{"rendered":"<p>Az al\u00e1bbi nyomtat\u00f3khoz haszn\u00e1lhat\u00f3:<\/p>\n<p>Samsung: CLP 310, CLP 310K, CLP 310N, CLP 315, CLP 315K, CLP 315N, CLP310NK, CLP 315W, CLP 315WK; CLX 3170FN, CLX 3170N, CLX 3175, CLX 3175FN, CLX3175FW, CLX 3175N, CLX-3170\/CLX-3175, Samsung: CLP 320, CLP 320N, CLP 325, CLP 325N, CLP 325W; CLX 3185, CLX 3185FN, CLX 3185FW, CLX 3185N <\/p>\n","protected":false},"excerpt":{"rendered":"<p>Az al\u00e1bbi nyomtat\u00f3khoz haszn\u00e1lhat\u00f3: Samsung: CLP 310, CLP 310K, CLP 310N, CLP 315, CLP 315K, CLP 315N, CLP310NK, CLP 315W, CLP 315WK; CLX 3170FN, CLX 3170N, CLX 3175, CLX 3175FN, CLX3175FW, CLX 3175N, CLX-3170\/CLX-3175, Samsung: CLP 320, CLP 320N, CLP 325, CLP 325N, CLP 325W; CLX 3185, CLX 3185FN, CLX 3185FW, CLX 3185N<\/p>\n","protected":false},"featured_media":929,"template":"","meta":{"_et_pb_use_builder":"","_et_pb_old_content":"","_et_gb_content_width":""},"product_brand":[],"product_cat":[19],"product_tag":[],"class_list":{"0":"post-587","1":"product","2":"type-product","3":"status-publish","4":"has-post-thumbnail","6":"product_cat-lezertoner","8":"first","9":"instock","10":"shipping-taxable","11":"purchasable","12":"product-type-simple"},"_links":{"self":[{"href":"https:\/\/iport.hu\/officeone\/wp-json\/wp\/v2\/product\/587","targetHints":{"allow":["GET"]}}],"collection":[{"href":"https:\/\/iport.hu\/officeone\/wp-json\/wp\/v2\/product"}],"about":[{"href":"https:\/\/iport.hu\/officeone\/wp-json\/wp\/v2\/types\/product"}],"wp:featuredmedia":[{"embeddable":true,"href":"https:\/\/iport.hu\/officeone\/wp-json\/wp\/v2\/media\/929"}],"wp:attachment":[{"href":"https:\/\/iport.hu\/officeone\/wp-json\/wp\/v2\/media?parent=587"}],"wp:term":[{"taxonomy":"product_brand","embeddable":true,"href":"https:\/\/iport.hu\/officeone\/wp-json\/wp\/v2\/product_brand?post=587"},{"taxonomy":"product_cat","embeddable":true,"href":"https:\/\/iport.hu\/officeone\/wp-json\/wp\/v2\/product_cat?post=587"},{"taxonomy":"product_tag","embeddable":true,"href":"https:\/\/iport.hu\/officeone\/wp-json\/wp\/v2\/product_tag?post=587"}],"curies":[{"name":"wp","href":"https:\/\/api.w.org\/{rel}","templated":true}]}}