{"id":571,"date":"2025-09-22T08:04:50","date_gmt":"2025-09-22T06:04:50","guid":{"rendered":"https:\/\/iport.hu\/officeone\/?post_type=product&#038;p=571"},"modified":"2025-10-05T17:08:06","modified_gmt":"2025-10-05T15:08:06","slug":"clp680-c506-yellow","status":"publish","type":"product","link":"https:\/\/iport.hu\/officeone\/termek\/clp680-c506-yellow\/","title":{"rendered":"CLP680\/C506 Yellow"},"content":{"rendered":"<p>Az al\u00e1bbi nyomtat\u00f3khoz haszn\u00e1lhat\u00f3:<\/p>\n<p>SAMSUNG: CLP-680, CLP-680 DW, CLP-680 ND; CLX-6260 FD, CLX-6260 FR, CLX-6260 FW, CLX-6260 ND, SAMSUNG CLP-680, 680ND, 680DW CLX-6260ND, 6260FD, 6260FR, 6260FW, 6260NR <\/p>\n","protected":false},"excerpt":{"rendered":"<p>Az al\u00e1bbi nyomtat\u00f3khoz haszn\u00e1lhat\u00f3: SAMSUNG: CLP-680, CLP-680 DW, CLP-680 ND; CLX-6260 FD, CLX-6260 FR, CLX-6260 FW, CLX-6260 ND, SAMSUNG CLP-680, 680ND, 680DW CLX-6260ND, 6260FD, 6260FR, 6260FW, 6260NR<\/p>\n","protected":false},"featured_media":929,"template":"","meta":{"_et_pb_use_builder":"","_et_pb_old_content":"","_et_gb_content_width":""},"product_brand":[],"product_cat":[19],"product_tag":[],"class_list":{"0":"post-571","1":"product","2":"type-product","3":"status-publish","4":"has-post-thumbnail","6":"product_cat-lezertoner","8":"first","9":"instock","10":"shipping-taxable","11":"purchasable","12":"product-type-simple"},"_links":{"self":[{"href":"https:\/\/iport.hu\/officeone\/wp-json\/wp\/v2\/product\/571","targetHints":{"allow":["GET"]}}],"collection":[{"href":"https:\/\/iport.hu\/officeone\/wp-json\/wp\/v2\/product"}],"about":[{"href":"https:\/\/iport.hu\/officeone\/wp-json\/wp\/v2\/types\/product"}],"wp:featuredmedia":[{"embeddable":true,"href":"https:\/\/iport.hu\/officeone\/wp-json\/wp\/v2\/media\/929"}],"wp:attachment":[{"href":"https:\/\/iport.hu\/officeone\/wp-json\/wp\/v2\/media?parent=571"}],"wp:term":[{"taxonomy":"product_brand","embeddable":true,"href":"https:\/\/iport.hu\/officeone\/wp-json\/wp\/v2\/product_brand?post=571"},{"taxonomy":"product_cat","embeddable":true,"href":"https:\/\/iport.hu\/officeone\/wp-json\/wp\/v2\/product_cat?post=571"},{"taxonomy":"product_tag","embeddable":true,"href":"https:\/\/iport.hu\/officeone\/wp-json\/wp\/v2\/product_tag?post=571"}],"curies":[{"name":"wp","href":"https:\/\/api.w.org\/{rel}","templated":true}]}}