{"id":550,"date":"2025-09-22T08:04:42","date_gmt":"2025-09-22T06:04:42","guid":{"rendered":"https:\/\/iport.hu\/officeone\/?post_type=product&#038;p=550"},"modified":"2025-10-05T17:08:04","modified_gmt":"2025-10-05T15:08:04","slug":"clp415-c504-black","status":"publish","type":"product","link":"https:\/\/iport.hu\/officeone\/termek\/clp415-c504-black\/","title":{"rendered":"CLP415\/C504 Black"},"content":{"rendered":"<p>Az al\u00e1bbi nyomtat\u00f3khoz haszn\u00e1lhat\u00f3:<\/p>\n<p>SAMSUNG: CLP-415 N, CLP-415 NW; CLX-4195 FN, CLX-4195 FW, CLX-4195 N, SAMSUNG CLP-415N, 415NW, 470, 475 CLX-4195, 4195N, 4195FN, 4195FW <\/p>\n","protected":false},"excerpt":{"rendered":"<p>Az al\u00e1bbi nyomtat\u00f3khoz haszn\u00e1lhat\u00f3: SAMSUNG: CLP-415 N, CLP-415 NW; CLX-4195 FN, CLX-4195 FW, CLX-4195 N, SAMSUNG CLP-415N, 415NW, 470, 475 CLX-4195, 4195N, 4195FN, 4195FW<\/p>\n","protected":false},"featured_media":929,"template":"","meta":{"_et_pb_use_builder":"","_et_pb_old_content":"","_et_gb_content_width":""},"product_brand":[],"product_cat":[19],"product_tag":[],"class_list":{"0":"post-550","1":"product","2":"type-product","3":"status-publish","4":"has-post-thumbnail","6":"product_cat-lezertoner","8":"first","9":"instock","10":"shipping-taxable","11":"purchasable","12":"product-type-simple"},"_links":{"self":[{"href":"https:\/\/iport.hu\/officeone\/wp-json\/wp\/v2\/product\/550","targetHints":{"allow":["GET"]}}],"collection":[{"href":"https:\/\/iport.hu\/officeone\/wp-json\/wp\/v2\/product"}],"about":[{"href":"https:\/\/iport.hu\/officeone\/wp-json\/wp\/v2\/types\/product"}],"wp:featuredmedia":[{"embeddable":true,"href":"https:\/\/iport.hu\/officeone\/wp-json\/wp\/v2\/media\/929"}],"wp:attachment":[{"href":"https:\/\/iport.hu\/officeone\/wp-json\/wp\/v2\/media?parent=550"}],"wp:term":[{"taxonomy":"product_brand","embeddable":true,"href":"https:\/\/iport.hu\/officeone\/wp-json\/wp\/v2\/product_brand?post=550"},{"taxonomy":"product_cat","embeddable":true,"href":"https:\/\/iport.hu\/officeone\/wp-json\/wp\/v2\/product_cat?post=550"},{"taxonomy":"product_tag","embeddable":true,"href":"https:\/\/iport.hu\/officeone\/wp-json\/wp\/v2\/product_tag?post=550"}],"curies":[{"name":"wp","href":"https:\/\/api.w.org\/{rel}","templated":true}]}}