{"id":546,"date":"2025-09-22T08:04:41","date_gmt":"2025-09-22T06:04:41","guid":{"rendered":"https:\/\/iport.hu\/officeone\/?post_type=product&#038;p=546"},"modified":"2025-10-05T17:08:04","modified_gmt":"2025-10-05T15:08:04","slug":"ml2850","status":"publish","type":"product","link":"https:\/\/iport.hu\/officeone\/termek\/ml2850\/","title":{"rendered":"ML2850"},"content":{"rendered":"<p>Az al\u00e1bbi nyomtat\u00f3khoz haszn\u00e1lhat\u00f3:<\/p>\n<p>SAMSUNG: ML 2450, 2450DK, 2450DKG, 2450P, 2451, 2451DK, 2451N, 2850, 2850D, 2850DR, 2851DK, 2851DKG, 2851ND, 2851NDK, 2851NDL, 2852NDK, 2852NDKG, 2853D, 2853ND, 2853NDK, SAMSUNG ML2850, 2850D, 2851ND <\/p>\n","protected":false},"excerpt":{"rendered":"<p>Az al\u00e1bbi nyomtat\u00f3khoz haszn\u00e1lhat\u00f3: SAMSUNG: ML 2450, 2450DK, 2450DKG, 2450P, 2451, 2451DK, 2451N, 2850, 2850D, 2850DR, 2851DK, 2851DKG, 2851ND, 2851NDK, 2851NDL, 2852NDK, 2852NDKG, 2853D, 2853ND, 2853NDK, SAMSUNG ML2850, 2850D, 2851ND<\/p>\n","protected":false},"featured_media":929,"template":"","meta":{"_et_pb_use_builder":"","_et_pb_old_content":"","_et_gb_content_width":""},"product_brand":[],"product_cat":[19],"product_tag":[],"class_list":{"0":"post-546","1":"product","2":"type-product","3":"status-publish","4":"has-post-thumbnail","6":"product_cat-lezertoner","8":"first","9":"instock","10":"shipping-taxable","11":"purchasable","12":"product-type-simple"},"_links":{"self":[{"href":"https:\/\/iport.hu\/officeone\/wp-json\/wp\/v2\/product\/546","targetHints":{"allow":["GET"]}}],"collection":[{"href":"https:\/\/iport.hu\/officeone\/wp-json\/wp\/v2\/product"}],"about":[{"href":"https:\/\/iport.hu\/officeone\/wp-json\/wp\/v2\/types\/product"}],"wp:featuredmedia":[{"embeddable":true,"href":"https:\/\/iport.hu\/officeone\/wp-json\/wp\/v2\/media\/929"}],"wp:attachment":[{"href":"https:\/\/iport.hu\/officeone\/wp-json\/wp\/v2\/media?parent=546"}],"wp:term":[{"taxonomy":"product_brand","embeddable":true,"href":"https:\/\/iport.hu\/officeone\/wp-json\/wp\/v2\/product_brand?post=546"},{"taxonomy":"product_cat","embeddable":true,"href":"https:\/\/iport.hu\/officeone\/wp-json\/wp\/v2\/product_cat?post=546"},{"taxonomy":"product_tag","embeddable":true,"href":"https:\/\/iport.hu\/officeone\/wp-json\/wp\/v2\/product_tag?post=546"}],"curies":[{"name":"wp","href":"https:\/\/api.w.org\/{rel}","templated":true}]}}