{"id":544,"date":"2025-09-22T08:04:41","date_gmt":"2025-09-22T06:04:41","guid":{"rendered":"https:\/\/iport.hu\/officeone\/?post_type=product&#038;p=544"},"modified":"2025-10-05T17:08:03","modified_gmt":"2025-10-05T15:08:03","slug":"mlt-101","status":"publish","type":"product","link":"https:\/\/iport.hu\/officeone\/termek\/mlt-101\/","title":{"rendered":"MLT-101"},"content":{"rendered":"<p>Az al\u00e1bbi nyomtat\u00f3khoz haszn\u00e1lhat\u00f3:<\/p>\n<p>SAMSUNG: ML 2160, ML 2161, ML 2162, ML 2165, ML 2165 W, ML 2168; SCX 3400, SCX 3400 F, SCX 3401, SCX 3405, SCX 3405 F, SCX 3405 FW, SCX 3405 W; SF 760 P, SAMSUNG ML2160, 2161, 2166W, 2162, 2164, 2165, 2165W, 2167, 2168, 2168W, ML-1661, 1673, 1678, 1860, 1861, SAMSUNG SCX3400, 3405, 3405F, 3405W, 3405FW, 3407, SCX-3401, 3401FH, 3406W, 3406HW, SAMSUNG SF-761, 761P, 760P <\/p>\n","protected":false},"excerpt":{"rendered":"<p>Az al\u00e1bbi nyomtat\u00f3khoz haszn\u00e1lhat\u00f3: SAMSUNG: ML 2160, ML 2161, ML 2162, ML 2165, ML 2165 W, ML 2168; SCX 3400, SCX 3400 F, SCX 3401, SCX 3405, SCX 3405 F, SCX 3405 FW, SCX 3405 W; SF 760 P, SAMSUNG ML2160, 2161, 2166W, 2162, 2164, 2165, 2165W, 2167, 2168, 2168W, ML-1661, 1673, 1678, 1860, 1861, [&hellip;]<\/p>\n","protected":false},"featured_media":929,"template":"","meta":{"_et_pb_use_builder":"","_et_pb_old_content":"","_et_gb_content_width":""},"product_brand":[],"product_cat":[19],"product_tag":[],"class_list":{"0":"post-544","1":"product","2":"type-product","3":"status-publish","4":"has-post-thumbnail","6":"product_cat-lezertoner","8":"first","9":"instock","10":"shipping-taxable","11":"purchasable","12":"product-type-simple"},"_links":{"self":[{"href":"https:\/\/iport.hu\/officeone\/wp-json\/wp\/v2\/product\/544","targetHints":{"allow":["GET"]}}],"collection":[{"href":"https:\/\/iport.hu\/officeone\/wp-json\/wp\/v2\/product"}],"about":[{"href":"https:\/\/iport.hu\/officeone\/wp-json\/wp\/v2\/types\/product"}],"wp:featuredmedia":[{"embeddable":true,"href":"https:\/\/iport.hu\/officeone\/wp-json\/wp\/v2\/media\/929"}],"wp:attachment":[{"href":"https:\/\/iport.hu\/officeone\/wp-json\/wp\/v2\/media?parent=544"}],"wp:term":[{"taxonomy":"product_brand","embeddable":true,"href":"https:\/\/iport.hu\/officeone\/wp-json\/wp\/v2\/product_brand?post=544"},{"taxonomy":"product_cat","embeddable":true,"href":"https:\/\/iport.hu\/officeone\/wp-json\/wp\/v2\/product_cat?post=544"},{"taxonomy":"product_tag","embeddable":true,"href":"https:\/\/iport.hu\/officeone\/wp-json\/wp\/v2\/product_tag?post=544"}],"curies":[{"name":"wp","href":"https:\/\/api.w.org\/{rel}","templated":true}]}}