{"id":543,"date":"2025-09-22T08:04:41","date_gmt":"2025-09-22T06:04:41","guid":{"rendered":"https:\/\/iport.hu\/officeone\/?post_type=product&#038;p=543"},"modified":"2025-10-05T17:08:03","modified_gmt":"2025-10-05T15:08:03","slug":"mlt-111l","status":"publish","type":"product","link":"https:\/\/iport.hu\/officeone\/termek\/mlt-111l\/","title":{"rendered":"MLT-111L"},"content":{"rendered":"<p>Az al\u00e1bbi nyomtat\u00f3khoz haszn\u00e1lhat\u00f3:<\/p>\n<p>Samsung: ProXpress M 2020, M 2020 W, M 2022, M 2022 W, M 2070, M 2070 W; Xpress M 2000 Series, M 2020, M 2020 W, M 2021, M 2021 W, M 2022, M 2022 W, M 2070, M 2070 F, M 2070 FW, M 2070 W, M 2071 FH, M 2071 FW, M 2071 HW, M 2071 W <\/p>\n","protected":false},"excerpt":{"rendered":"<p>Az al\u00e1bbi nyomtat\u00f3khoz haszn\u00e1lhat\u00f3: Samsung: ProXpress M 2020, M 2020 W, M 2022, M 2022 W, M 2070, M 2070 W; Xpress M 2000 Series, M 2020, M 2020 W, M 2021, M 2021 W, M 2022, M 2022 W, M 2070, M 2070 F, M 2070 FW, M 2070 W, M 2071 FH, M [&hellip;]<\/p>\n","protected":false},"featured_media":929,"template":"","meta":{"_et_pb_use_builder":"","_et_pb_old_content":"","_et_gb_content_width":""},"product_brand":[],"product_cat":[19],"product_tag":[],"class_list":{"0":"post-543","1":"product","2":"type-product","3":"status-publish","4":"has-post-thumbnail","6":"product_cat-lezertoner","8":"first","9":"instock","10":"shipping-taxable","11":"purchasable","12":"product-type-simple"},"_links":{"self":[{"href":"https:\/\/iport.hu\/officeone\/wp-json\/wp\/v2\/product\/543","targetHints":{"allow":["GET"]}}],"collection":[{"href":"https:\/\/iport.hu\/officeone\/wp-json\/wp\/v2\/product"}],"about":[{"href":"https:\/\/iport.hu\/officeone\/wp-json\/wp\/v2\/types\/product"}],"wp:featuredmedia":[{"embeddable":true,"href":"https:\/\/iport.hu\/officeone\/wp-json\/wp\/v2\/media\/929"}],"wp:attachment":[{"href":"https:\/\/iport.hu\/officeone\/wp-json\/wp\/v2\/media?parent=543"}],"wp:term":[{"taxonomy":"product_brand","embeddable":true,"href":"https:\/\/iport.hu\/officeone\/wp-json\/wp\/v2\/product_brand?post=543"},{"taxonomy":"product_cat","embeddable":true,"href":"https:\/\/iport.hu\/officeone\/wp-json\/wp\/v2\/product_cat?post=543"},{"taxonomy":"product_tag","embeddable":true,"href":"https:\/\/iport.hu\/officeone\/wp-json\/wp\/v2\/product_tag?post=543"}],"curies":[{"name":"wp","href":"https:\/\/api.w.org\/{rel}","templated":true}]}}