{"id":534,"date":"2025-09-22T08:04:39","date_gmt":"2025-09-22T06:04:39","guid":{"rendered":"https:\/\/iport.hu\/officeone\/?post_type=product&#038;p=534"},"modified":"2025-10-05T17:08:03","modified_gmt":"2025-10-05T15:08:03","slug":"scx-4521","status":"publish","type":"product","link":"https:\/\/iport.hu\/officeone\/termek\/scx-4521\/","title":{"rendered":"SCX-4521"},"content":{"rendered":"<p>Az al\u00e1bbi nyomtat\u00f3khoz haszn\u00e1lhat\u00f3:<\/p>\n<p>SAMSUNG: ML 1610, ML 1610 R, ML 1615, ML 1620, ML 1625, ML 1625R, ML 2010, ML 2010L, ML 2010P, ML 2010PR, ML2010R, ML 2015, ML 2020, ML 2510, ML 2520, ML 2570, ML 2570G, 2571N; 1615, 2010, 2510, 2570, SCX 4321, SCX 4521F, SCX-4521, XEROX: PHASER 3112, 3117, 3117V, 3122, 3124, 3124V, 3124V B, 3125, SAMSUNG ML-1610, 2010, 2010R, 2510, 2570, 2571N, SCX-4321, 4521F DEL 1100, 1110 XEROX PHASER 3117, 3122, 3124, 3125 <\/p>\n","protected":false},"excerpt":{"rendered":"<p>Az al\u00e1bbi nyomtat\u00f3khoz haszn\u00e1lhat\u00f3: SAMSUNG: ML 1610, ML 1610 R, ML 1615, ML 1620, ML 1625, ML 1625R, ML 2010, ML 2010L, ML 2010P, ML 2010PR, ML2010R, ML 2015, ML 2020, ML 2510, ML 2520, ML 2570, ML 2570G, 2571N; 1615, 2010, 2510, 2570, SCX 4321, SCX 4521F, SCX-4521, XEROX: PHASER 3112, 3117, 3117V, 3122, [&hellip;]<\/p>\n","protected":false},"featured_media":929,"template":"","meta":{"_et_pb_use_builder":"","_et_pb_old_content":"","_et_gb_content_width":""},"product_brand":[],"product_cat":[19],"product_tag":[],"class_list":{"0":"post-534","1":"product","2":"type-product","3":"status-publish","4":"has-post-thumbnail","6":"product_cat-lezertoner","8":"first","9":"instock","10":"shipping-taxable","11":"purchasable","12":"product-type-simple"},"_links":{"self":[{"href":"https:\/\/iport.hu\/officeone\/wp-json\/wp\/v2\/product\/534","targetHints":{"allow":["GET"]}}],"collection":[{"href":"https:\/\/iport.hu\/officeone\/wp-json\/wp\/v2\/product"}],"about":[{"href":"https:\/\/iport.hu\/officeone\/wp-json\/wp\/v2\/types\/product"}],"wp:featuredmedia":[{"embeddable":true,"href":"https:\/\/iport.hu\/officeone\/wp-json\/wp\/v2\/media\/929"}],"wp:attachment":[{"href":"https:\/\/iport.hu\/officeone\/wp-json\/wp\/v2\/media?parent=534"}],"wp:term":[{"taxonomy":"product_brand","embeddable":true,"href":"https:\/\/iport.hu\/officeone\/wp-json\/wp\/v2\/product_brand?post=534"},{"taxonomy":"product_cat","embeddable":true,"href":"https:\/\/iport.hu\/officeone\/wp-json\/wp\/v2\/product_cat?post=534"},{"taxonomy":"product_tag","embeddable":true,"href":"https:\/\/iport.hu\/officeone\/wp-json\/wp\/v2\/product_tag?post=534"}],"curies":[{"name":"wp","href":"https:\/\/api.w.org\/{rel}","templated":true}]}}