{"id":533,"date":"2025-09-22T08:04:39","date_gmt":"2025-09-22T06:04:39","guid":{"rendered":"https:\/\/iport.hu\/officeone\/?post_type=product&#038;p=533"},"modified":"2025-10-05T17:08:03","modified_gmt":"2025-10-05T15:08:03","slug":"ml1710-4216","status":"publish","type":"product","link":"https:\/\/iport.hu\/officeone\/termek\/ml1710-4216\/","title":{"rendered":"ML1710\/4216"},"content":{"rendered":"<p>Az al\u00e1bbi nyomtat\u00f3khoz haszn\u00e1lhat\u00f3:<\/p>\n<p>SAMSUNG: ML 1410, ML1500, ML1500B, ML1510, ML1510B, ML1510P, ML1510PD, ML1515, ML1710, ML1710D, ML1710P, ML1710PD, ML1720, ML1730, ML1740, ML1745, ML1750, ML1750G, ML1755, ML1757, ML1760G; 1740, 1710, SAMSUNG ML-1510, 1520, 1520P, 1710, 1740, 1750 SCX-4016, 4100, 4116, 4216, 4216F, SF-560, 565P, 750, 755P, MSYS750, 755P XEROX PHASER 3130, 3120, 3115, 3116, 3121 WORKCENTRE PE16 LEXMARK X215 RICOH AC104 <\/p>\n","protected":false},"excerpt":{"rendered":"<p>Az al\u00e1bbi nyomtat\u00f3khoz haszn\u00e1lhat\u00f3: SAMSUNG: ML 1410, ML1500, ML1500B, ML1510, ML1510B, ML1510P, ML1510PD, ML1515, ML1710, ML1710D, ML1710P, ML1710PD, ML1720, ML1730, ML1740, ML1745, ML1750, ML1750G, ML1755, ML1757, ML1760G; 1740, 1710, SAMSUNG ML-1510, 1520, 1520P, 1710, 1740, 1750 SCX-4016, 4100, 4116, 4216, 4216F, SF-560, 565P, 750, 755P, MSYS750, 755P XEROX PHASER 3130, 3120, 3115, 3116, 3121 WORKCENTRE [&hellip;]<\/p>\n","protected":false},"featured_media":929,"template":"","meta":{"_et_pb_use_builder":"","_et_pb_old_content":"","_et_gb_content_width":""},"product_brand":[],"product_cat":[19],"product_tag":[],"class_list":{"0":"post-533","1":"product","2":"type-product","3":"status-publish","4":"has-post-thumbnail","6":"product_cat-lezertoner","8":"first","9":"instock","10":"shipping-taxable","11":"purchasable","12":"product-type-simple"},"_links":{"self":[{"href":"https:\/\/iport.hu\/officeone\/wp-json\/wp\/v2\/product\/533","targetHints":{"allow":["GET"]}}],"collection":[{"href":"https:\/\/iport.hu\/officeone\/wp-json\/wp\/v2\/product"}],"about":[{"href":"https:\/\/iport.hu\/officeone\/wp-json\/wp\/v2\/types\/product"}],"wp:featuredmedia":[{"embeddable":true,"href":"https:\/\/iport.hu\/officeone\/wp-json\/wp\/v2\/media\/929"}],"wp:attachment":[{"href":"https:\/\/iport.hu\/officeone\/wp-json\/wp\/v2\/media?parent=533"}],"wp:term":[{"taxonomy":"product_brand","embeddable":true,"href":"https:\/\/iport.hu\/officeone\/wp-json\/wp\/v2\/product_brand?post=533"},{"taxonomy":"product_cat","embeddable":true,"href":"https:\/\/iport.hu\/officeone\/wp-json\/wp\/v2\/product_cat?post=533"},{"taxonomy":"product_tag","embeddable":true,"href":"https:\/\/iport.hu\/officeone\/wp-json\/wp\/v2\/product_tag?post=533"}],"curies":[{"name":"wp","href":"https:\/\/api.w.org\/{rel}","templated":true}]}}