{"id":530,"date":"2025-09-22T08:04:39","date_gmt":"2025-09-22T06:04:39","guid":{"rendered":"https:\/\/iport.hu\/officeone\/?post_type=product&#038;p=530"},"modified":"2025-10-05T17:08:03","modified_gmt":"2025-10-05T15:08:03","slug":"mlt-116dr","status":"publish","type":"product","link":"https:\/\/iport.hu\/officeone\/termek\/mlt-116dr\/","title":{"rendered":"MLT-116DR"},"content":{"rendered":"<p>Az al\u00e1bbi nyomtat\u00f3khoz haszn\u00e1lhat\u00f3:<\/p>\n<p>SAMSUNG: SL-M 2620, SL-M 2620 ND, SL-M 2625, SL-M 2625 D, SL-M 2625 F, SL-M 2625 FN, SL-M 2625 N, SL-M 2626, SL-M 2670 FN, SL-M 2670 N, SL-M 2675 FN, SL-M 2820 D, SL-M 2820 DW, SL-M 2820 ND, SL-M 2825 DW, SL-M 2825 ND, SL-M 2826, SL-M 2870 FD, SL-M 2870 FW, SL-M 2875 FD, SL-M 2875 FW, SL-M 2875 ND, SL-M 2876; XPRESS M 2620, M 2620 ND, M 2625, M 2625 D, M 2625 F, M 2625 FN, M 2625 N, M 2626, M 2670 FN, M 2670 N, M 2675 FN, M 2820 D, M 2820 DW, M 2820 ND, M 2825 DW, M 2825 ND, M 2826, M 2870 FD, M 2870 FW, M 2875 FD, M 2875 FW, M 2875 ND, M 2876, SAMSUNG SL-M2625, 2625D, 2825DW, 2825WN, 2825, 2826, M2675, 2676, 2875, 2875FW, 2875FD, 2876, 2835, 2836, M2826ND, M2876FH, M2825DW, M2885FW, M2676N, M2626D <\/p>\n","protected":false},"excerpt":{"rendered":"<p>Az al\u00e1bbi nyomtat\u00f3khoz haszn\u00e1lhat\u00f3: SAMSUNG: SL-M 2620, SL-M 2620 ND, SL-M 2625, SL-M 2625 D, SL-M 2625 F, SL-M 2625 FN, SL-M 2625 N, SL-M 2626, SL-M 2670 FN, SL-M 2670 N, SL-M 2675 FN, SL-M 2820 D, SL-M 2820 DW, SL-M 2820 ND, SL-M 2825 DW, SL-M 2825 ND, SL-M 2826, SL-M 2870 FD, [&hellip;]<\/p>\n","protected":false},"featured_media":929,"template":"","meta":{"_et_pb_use_builder":"","_et_pb_old_content":"","_et_gb_content_width":""},"product_brand":[],"product_cat":[19],"product_tag":[],"class_list":{"0":"post-530","1":"product","2":"type-product","3":"status-publish","4":"has-post-thumbnail","6":"product_cat-lezertoner","8":"first","9":"instock","10":"shipping-taxable","11":"purchasable","12":"product-type-simple"},"_links":{"self":[{"href":"https:\/\/iport.hu\/officeone\/wp-json\/wp\/v2\/product\/530","targetHints":{"allow":["GET"]}}],"collection":[{"href":"https:\/\/iport.hu\/officeone\/wp-json\/wp\/v2\/product"}],"about":[{"href":"https:\/\/iport.hu\/officeone\/wp-json\/wp\/v2\/types\/product"}],"wp:featuredmedia":[{"embeddable":true,"href":"https:\/\/iport.hu\/officeone\/wp-json\/wp\/v2\/media\/929"}],"wp:attachment":[{"href":"https:\/\/iport.hu\/officeone\/wp-json\/wp\/v2\/media?parent=530"}],"wp:term":[{"taxonomy":"product_brand","embeddable":true,"href":"https:\/\/iport.hu\/officeone\/wp-json\/wp\/v2\/product_brand?post=530"},{"taxonomy":"product_cat","embeddable":true,"href":"https:\/\/iport.hu\/officeone\/wp-json\/wp\/v2\/product_cat?post=530"},{"taxonomy":"product_tag","embeddable":true,"href":"https:\/\/iport.hu\/officeone\/wp-json\/wp\/v2\/product_tag?post=530"}],"curies":[{"name":"wp","href":"https:\/\/api.w.org\/{rel}","templated":true}]}}