{"id":518,"date":"2025-09-22T08:04:33","date_gmt":"2025-09-22T06:04:33","guid":{"rendered":"https:\/\/iport.hu\/officeone\/?post_type=product&#038;p=518"},"modified":"2025-10-05T17:08:01","modified_gmt":"2025-10-05T15:08:01","slug":"cf287x","status":"publish","type":"product","link":"https:\/\/iport.hu\/officeone\/termek\/cf287x\/","title":{"rendered":"CF287X"},"content":{"rendered":"<p>Az al\u00e1bbi nyomtat\u00f3kba haszn\u00e1lhat\u00f3:<\/p>\n<p>HP: LASERJET ENTERPRISE FLOW MFP M527C, FLOW MFP M527Z, M506DN, M506N, M506X, MFP M527DN, MFP M527F; LASERJET PRO MFP M527DNM, H LASERJET ENTERPRISE MFP M527Z, M527F, M527DN, M506DN, M506N, M506X <\/p>\n","protected":false},"excerpt":{"rendered":"<p>Az al\u00e1bbi nyomtat\u00f3kba haszn\u00e1lhat\u00f3: HP: LASERJET ENTERPRISE FLOW MFP M527C, FLOW MFP M527Z, M506DN, M506N, M506X, MFP M527DN, MFP M527F; LASERJET PRO MFP M527DNM, H LASERJET ENTERPRISE MFP M527Z, M527F, M527DN, M506DN, M506N, M506X<\/p>\n","protected":false},"featured_media":929,"template":"","meta":{"_et_pb_use_builder":"","_et_pb_old_content":"","_et_gb_content_width":""},"product_brand":[],"product_cat":[19],"product_tag":[],"class_list":{"0":"post-518","1":"product","2":"type-product","3":"status-publish","4":"has-post-thumbnail","6":"product_cat-lezertoner","8":"first","9":"instock","10":"shipping-taxable","11":"purchasable","12":"product-type-simple"},"_links":{"self":[{"href":"https:\/\/iport.hu\/officeone\/wp-json\/wp\/v2\/product\/518","targetHints":{"allow":["GET"]}}],"collection":[{"href":"https:\/\/iport.hu\/officeone\/wp-json\/wp\/v2\/product"}],"about":[{"href":"https:\/\/iport.hu\/officeone\/wp-json\/wp\/v2\/types\/product"}],"wp:featuredmedia":[{"embeddable":true,"href":"https:\/\/iport.hu\/officeone\/wp-json\/wp\/v2\/media\/929"}],"wp:attachment":[{"href":"https:\/\/iport.hu\/officeone\/wp-json\/wp\/v2\/media?parent=518"}],"wp:term":[{"taxonomy":"product_brand","embeddable":true,"href":"https:\/\/iport.hu\/officeone\/wp-json\/wp\/v2\/product_brand?post=518"},{"taxonomy":"product_cat","embeddable":true,"href":"https:\/\/iport.hu\/officeone\/wp-json\/wp\/v2\/product_cat?post=518"},{"taxonomy":"product_tag","embeddable":true,"href":"https:\/\/iport.hu\/officeone\/wp-json\/wp\/v2\/product_tag?post=518"}],"curies":[{"name":"wp","href":"https:\/\/api.w.org\/{rel}","templated":true}]}}