{"id":512,"date":"2025-09-22T08:04:32","date_gmt":"2025-09-22T06:04:32","guid":{"rendered":"https:\/\/iport.hu\/officeone\/?post_type=product&#038;p=512"},"modified":"2025-10-05T17:08:01","modified_gmt":"2025-10-05T15:08:01","slug":"q7551x","status":"publish","type":"product","link":"https:\/\/iport.hu\/officeone\/termek\/q7551x\/","title":{"rendered":"Q7551X"},"content":{"rendered":"<p>Az al\u00e1bbi nyomtat\u00f3kba haszn\u00e1lhat\u00f3:<\/p>\n<p>HP: LJ M 3035MFP, M 3035XS MFP, M 3027MFP, M 3027X MFP, P 3005, P 3005D, P 3005DN, P 3005N, P 3005X; LJ P3005\/M3027MFP\/M3035MFP, H LASERJET P3005, P3005D, P3005N, P3005DN, P3005X, P3004, P3004N, P3004D, 3004DN, M3027MFP, M3027XMFP, M3035MFP, M3035XS <\/p>\n","protected":false},"excerpt":{"rendered":"<p>Az al\u00e1bbi nyomtat\u00f3kba haszn\u00e1lhat\u00f3: HP: LJ M 3035MFP, M 3035XS MFP, M 3027MFP, M 3027X MFP, P 3005, P 3005D, P 3005DN, P 3005N, P 3005X; LJ P3005\/M3027MFP\/M3035MFP, H LASERJET P3005, P3005D, P3005N, P3005DN, P3005X, P3004, P3004N, P3004D, 3004DN, M3027MFP, M3027XMFP, M3035MFP, M3035XS<\/p>\n","protected":false},"featured_media":929,"template":"","meta":{"_et_pb_use_builder":"","_et_pb_old_content":"","_et_gb_content_width":""},"product_brand":[],"product_cat":[19],"product_tag":[],"class_list":{"0":"post-512","1":"product","2":"type-product","3":"status-publish","4":"has-post-thumbnail","6":"product_cat-lezertoner","8":"first","9":"instock","10":"shipping-taxable","11":"purchasable","12":"product-type-simple"},"_links":{"self":[{"href":"https:\/\/iport.hu\/officeone\/wp-json\/wp\/v2\/product\/512","targetHints":{"allow":["GET"]}}],"collection":[{"href":"https:\/\/iport.hu\/officeone\/wp-json\/wp\/v2\/product"}],"about":[{"href":"https:\/\/iport.hu\/officeone\/wp-json\/wp\/v2\/types\/product"}],"wp:featuredmedia":[{"embeddable":true,"href":"https:\/\/iport.hu\/officeone\/wp-json\/wp\/v2\/media\/929"}],"wp:attachment":[{"href":"https:\/\/iport.hu\/officeone\/wp-json\/wp\/v2\/media?parent=512"}],"wp:term":[{"taxonomy":"product_brand","embeddable":true,"href":"https:\/\/iport.hu\/officeone\/wp-json\/wp\/v2\/product_brand?post=512"},{"taxonomy":"product_cat","embeddable":true,"href":"https:\/\/iport.hu\/officeone\/wp-json\/wp\/v2\/product_cat?post=512"},{"taxonomy":"product_tag","embeddable":true,"href":"https:\/\/iport.hu\/officeone\/wp-json\/wp\/v2\/product_tag?post=512"}],"curies":[{"name":"wp","href":"https:\/\/api.w.org\/{rel}","templated":true}]}}