{"id":507,"date":"2025-09-22T08:04:32","date_gmt":"2025-09-22T06:04:32","guid":{"rendered":"https:\/\/iport.hu\/officeone\/?post_type=product&#038;p=507"},"modified":"2025-10-05T17:08:00","modified_gmt":"2025-10-05T15:08:00","slug":"c4092-ep22","status":"publish","type":"product","link":"https:\/\/iport.hu\/officeone\/termek\/c4092-ep22\/","title":{"rendered":"C4092\/EP22"},"content":{"rendered":"<p>Az al\u00e1bbi nyomtat\u00f3kba haszn\u00e1lhat\u00f3:<\/p>\n<p>HP: LJ 1100, 1100A, 1100A SE, 1100A XI, 1100SE, 1100XI, 3200, 3200M, 3200SE, 3200XI; LJ 1100\/1100A\/3200, 92A, CANONLBP-800, 810, 1110, 1120, 200, 250, 350 H LASERJET 1100, 1100SE, 1100XI, 1100A, 1100A SE, 1100A XI, 3200, 3200SE <\/p>\n","protected":false},"excerpt":{"rendered":"<p>Az al\u00e1bbi nyomtat\u00f3kba haszn\u00e1lhat\u00f3: HP: LJ 1100, 1100A, 1100A SE, 1100A XI, 1100SE, 1100XI, 3200, 3200M, 3200SE, 3200XI; LJ 1100\/1100A\/3200, 92A, CANONLBP-800, 810, 1110, 1120, 200, 250, 350 H LASERJET 1100, 1100SE, 1100XI, 1100A, 1100A SE, 1100A XI, 3200, 3200SE<\/p>\n","protected":false},"featured_media":929,"template":"","meta":{"_et_pb_use_builder":"","_et_pb_old_content":"","_et_gb_content_width":""},"product_brand":[],"product_cat":[19],"product_tag":[],"class_list":{"0":"post-507","1":"product","2":"type-product","3":"status-publish","4":"has-post-thumbnail","6":"product_cat-lezertoner","8":"first","9":"instock","10":"shipping-taxable","11":"purchasable","12":"product-type-simple"},"_links":{"self":[{"href":"https:\/\/iport.hu\/officeone\/wp-json\/wp\/v2\/product\/507","targetHints":{"allow":["GET"]}}],"collection":[{"href":"https:\/\/iport.hu\/officeone\/wp-json\/wp\/v2\/product"}],"about":[{"href":"https:\/\/iport.hu\/officeone\/wp-json\/wp\/v2\/types\/product"}],"wp:featuredmedia":[{"embeddable":true,"href":"https:\/\/iport.hu\/officeone\/wp-json\/wp\/v2\/media\/929"}],"wp:attachment":[{"href":"https:\/\/iport.hu\/officeone\/wp-json\/wp\/v2\/media?parent=507"}],"wp:term":[{"taxonomy":"product_brand","embeddable":true,"href":"https:\/\/iport.hu\/officeone\/wp-json\/wp\/v2\/product_brand?post=507"},{"taxonomy":"product_cat","embeddable":true,"href":"https:\/\/iport.hu\/officeone\/wp-json\/wp\/v2\/product_cat?post=507"},{"taxonomy":"product_tag","embeddable":true,"href":"https:\/\/iport.hu\/officeone\/wp-json\/wp\/v2\/product_tag?post=507"}],"curies":[{"name":"wp","href":"https:\/\/api.w.org\/{rel}","templated":true}]}}