{"id":506,"date":"2025-09-22T08:04:32","date_gmt":"2025-09-22T06:04:32","guid":{"rendered":"https:\/\/iport.hu\/officeone\/?post_type=product&#038;p=506"},"modified":"2025-10-05T17:08:00","modified_gmt":"2025-10-05T15:08:00","slug":"ce285-crg725-uni","status":"publish","type":"product","link":"https:\/\/iport.hu\/officeone\/termek\/ce285-crg725-uni\/","title":{"rendered":"CE285\/CRG725 uni"},"content":{"rendered":"<p>Az al\u00e1bbi nyomtat\u00f3kba haszn\u00e1lhat\u00f3:<\/p>\n<p>HP: LJ M 1130 MFP, M 1130 MFP SERIES, M 1132 MFP, M 1134 MFP, M 1136 MFP, M 1137 MFP, M 1138 MFP, M 1139 MFP, M 1210 MFP, M 1210 MFP SERIES, M 1212 NF, M 1212 NF MFP, M 1213 NF MFP, M 1214 NFH MFP, M 1216 NFH MFP, M 1217 NFW MFP, M 1218 NFS MFP, M 1219 NFS MFP, P 1002, P 1002 W, P 1002 WL, P 1100, P 1100 SERIES, P 1101, P 1102, P 1102 W, P 1103, P 1104, P 1104 W, P 1106, P 1106 W, P 1108, P 1108 W, P 1109, P 1109 W, PRO M 1130 SERIES, PRO M 1132 MFP, PRO M 1134 MFP, PRO M 1136 MFP, PRO M 1137 MFP, PRO M 1138 MFP, PRO M 1139 MFP, PRO M 1210 SERIES, PRO M 1212 NF, PRO M 1212 NF MFP, PRO M 1213 NF MFP, PRO M 1214 NFH MFP, PRO M 1216 NFH MFP, PRO M 1217 NFW MFP, PRO M 1218 NFS MFP, PRO M 1219 NF MFP, PRO M 1219 NFS MFP, PRO P 1100, PRO P 1100 SERIES, PRO P 1101, PRO P 1102, PRO P 1102 W, PRO P 1103, PRO P 1104, PRO P 1104 W, PRO P 1106, PRO P 1106 W, PRO P 1108, PRO P 1108 W, PRO P 1109, PRO P 1109 W; LJ PROFESSIONAL M 1132 MFP, M 1134 MFP, M 1136 MFP, M 1137 MFP, M 1138 MFP, M 1139 MFP, P 1102, P 1102 W, P 1103, P 1104, P 1104 W, P 1106, P 1106 W, P 1107, P 1107 W, P 1108, P 1108 W, P 1109, P 1109 W; LJ M1212NF, H LASER JET P1002, P1003, P1004, P1005, P1006, P1009 CANON LBP 3050, 3150, 3010, 3100, 3018, 3108 H LASERJET P1500, 1505, 1522, 1503, P1504, P1505, P1506, P1503N, P1504N, P1505N, P1506N, M1120, M1120N, M1120A, M1120H, M1120W, M1522N, 1522F, M1522NF, M1522NT CANON LBP 3250 H LASERJET P1100, P1102, P1102W, M1130, M1132, 1134, M1210, M1212NF, M1214NFH, M1217NFW, M1218NF, M1219NF CANON LBP6018, 6000LBP6020  <\/p>\n","protected":false},"excerpt":{"rendered":"<p>Az al\u00e1bbi nyomtat\u00f3kba haszn\u00e1lhat\u00f3: HP: LJ M 1130 MFP, M 1130 MFP SERIES, M 1132 MFP, M 1134 MFP, M 1136 MFP, M 1137 MFP, M 1138 MFP, M 1139 MFP, M 1210 MFP, M 1210 MFP SERIES, M 1212 NF, M 1212 NF MFP, M 1213 NF MFP, M 1214 NFH MFP, M 1216 [&hellip;]<\/p>\n","protected":false},"featured_media":929,"template":"","meta":{"_et_pb_use_builder":"","_et_pb_old_content":"","_et_gb_content_width":""},"product_brand":[],"product_cat":[19],"product_tag":[],"class_list":{"0":"post-506","1":"product","2":"type-product","3":"status-publish","4":"has-post-thumbnail","6":"product_cat-lezertoner","8":"first","9":"instock","10":"shipping-taxable","11":"purchasable","12":"product-type-simple"},"_links":{"self":[{"href":"https:\/\/iport.hu\/officeone\/wp-json\/wp\/v2\/product\/506","targetHints":{"allow":["GET"]}}],"collection":[{"href":"https:\/\/iport.hu\/officeone\/wp-json\/wp\/v2\/product"}],"about":[{"href":"https:\/\/iport.hu\/officeone\/wp-json\/wp\/v2\/types\/product"}],"wp:featuredmedia":[{"embeddable":true,"href":"https:\/\/iport.hu\/officeone\/wp-json\/wp\/v2\/media\/929"}],"wp:attachment":[{"href":"https:\/\/iport.hu\/officeone\/wp-json\/wp\/v2\/media?parent=506"}],"wp:term":[{"taxonomy":"product_brand","embeddable":true,"href":"https:\/\/iport.hu\/officeone\/wp-json\/wp\/v2\/product_brand?post=506"},{"taxonomy":"product_cat","embeddable":true,"href":"https:\/\/iport.hu\/officeone\/wp-json\/wp\/v2\/product_cat?post=506"},{"taxonomy":"product_tag","embeddable":true,"href":"https:\/\/iport.hu\/officeone\/wp-json\/wp\/v2\/product_tag?post=506"}],"curies":[{"name":"wp","href":"https:\/\/api.w.org\/{rel}","templated":true}]}}