{"id":505,"date":"2025-09-22T08:04:32","date_gmt":"2025-09-22T06:04:32","guid":{"rendered":"https:\/\/iport.hu\/officeone\/?post_type=product&#038;p=505"},"modified":"2025-10-05T17:08:00","modified_gmt":"2025-10-05T15:08:00","slug":"w1106-uj-chipes-2k","status":"publish","type":"product","link":"https:\/\/iport.hu\/officeone\/termek\/w1106-uj-chipes-2k\/","title":{"rendered":"W1106 \u00faj chipes 2k"},"content":{"rendered":"<p>Az al\u00e1bbi nyomtat\u00f3kba haszn\u00e1lhat\u00f3:<\/p>\n<p>HP: LASER MFP 135A, LASER MFP 135W, LASER MFP 137FNW, LASER 107A, HP LASER 107W, HP LASER MFP 135A, 135W, 137FNW, HP LASER107A, 107W, <\/p>\n","protected":false},"excerpt":{"rendered":"<p>Az al\u00e1bbi nyomtat\u00f3kba haszn\u00e1lhat\u00f3: HP: LASER MFP 135A, LASER MFP 135W, LASER MFP 137FNW, LASER 107A, HP LASER 107W, HP LASER MFP 135A, 135W, 137FNW, HP LASER107A, 107W,<\/p>\n","protected":false},"featured_media":929,"template":"","meta":{"_et_pb_use_builder":"","_et_pb_old_content":"","_et_gb_content_width":""},"product_brand":[],"product_cat":[19],"product_tag":[],"class_list":{"0":"post-505","1":"product","2":"type-product","3":"status-publish","4":"has-post-thumbnail","6":"product_cat-lezertoner","8":"first","9":"instock","10":"shipping-taxable","11":"purchasable","12":"product-type-simple"},"_links":{"self":[{"href":"https:\/\/iport.hu\/officeone\/wp-json\/wp\/v2\/product\/505","targetHints":{"allow":["GET"]}}],"collection":[{"href":"https:\/\/iport.hu\/officeone\/wp-json\/wp\/v2\/product"}],"about":[{"href":"https:\/\/iport.hu\/officeone\/wp-json\/wp\/v2\/types\/product"}],"wp:featuredmedia":[{"embeddable":true,"href":"https:\/\/iport.hu\/officeone\/wp-json\/wp\/v2\/media\/929"}],"wp:attachment":[{"href":"https:\/\/iport.hu\/officeone\/wp-json\/wp\/v2\/media?parent=505"}],"wp:term":[{"taxonomy":"product_brand","embeddable":true,"href":"https:\/\/iport.hu\/officeone\/wp-json\/wp\/v2\/product_brand?post=505"},{"taxonomy":"product_cat","embeddable":true,"href":"https:\/\/iport.hu\/officeone\/wp-json\/wp\/v2\/product_cat?post=505"},{"taxonomy":"product_tag","embeddable":true,"href":"https:\/\/iport.hu\/officeone\/wp-json\/wp\/v2\/product_tag?post=505"}],"curies":[{"name":"wp","href":"https:\/\/api.w.org\/{rel}","templated":true}]}}