{"id":499,"date":"2025-09-22T08:04:31","date_gmt":"2025-09-22T06:04:31","guid":{"rendered":"https:\/\/iport.hu\/officeone\/?post_type=product&#038;p=499"},"modified":"2025-10-05T17:08:00","modified_gmt":"2025-10-05T15:08:00","slug":"q7516","status":"publish","type":"product","link":"https:\/\/iport.hu\/officeone\/termek\/q7516\/","title":{"rendered":"Q7516"},"content":{"rendered":"<p>Az al\u00e1bbi nyomtat\u00f3kba haszn\u00e1lhat\u00f3:<\/p>\n<p>HP: LJ 5200, 5200DTN, 5200L, 5200 TN; LJ 5200, H LASERJET 5200, 5200L, 5200LX, 5200N, 5200TN, 5200DN, 5200DTN CANON. LBP 3500, 3900, 3950, 3970 <\/p>\n","protected":false},"excerpt":{"rendered":"<p>Az al\u00e1bbi nyomtat\u00f3kba haszn\u00e1lhat\u00f3: HP: LJ 5200, 5200DTN, 5200L, 5200 TN; LJ 5200, H LASERJET 5200, 5200L, 5200LX, 5200N, 5200TN, 5200DN, 5200DTN CANON. LBP 3500, 3900, 3950, 3970<\/p>\n","protected":false},"featured_media":929,"template":"","meta":{"_et_pb_use_builder":"","_et_pb_old_content":"","_et_gb_content_width":""},"product_brand":[],"product_cat":[19],"product_tag":[],"class_list":{"0":"post-499","1":"product","2":"type-product","3":"status-publish","4":"has-post-thumbnail","6":"product_cat-lezertoner","8":"first","9":"instock","10":"shipping-taxable","11":"purchasable","12":"product-type-simple"},"_links":{"self":[{"href":"https:\/\/iport.hu\/officeone\/wp-json\/wp\/v2\/product\/499","targetHints":{"allow":["GET"]}}],"collection":[{"href":"https:\/\/iport.hu\/officeone\/wp-json\/wp\/v2\/product"}],"about":[{"href":"https:\/\/iport.hu\/officeone\/wp-json\/wp\/v2\/types\/product"}],"wp:featuredmedia":[{"embeddable":true,"href":"https:\/\/iport.hu\/officeone\/wp-json\/wp\/v2\/media\/929"}],"wp:attachment":[{"href":"https:\/\/iport.hu\/officeone\/wp-json\/wp\/v2\/media?parent=499"}],"wp:term":[{"taxonomy":"product_brand","embeddable":true,"href":"https:\/\/iport.hu\/officeone\/wp-json\/wp\/v2\/product_brand?post=499"},{"taxonomy":"product_cat","embeddable":true,"href":"https:\/\/iport.hu\/officeone\/wp-json\/wp\/v2\/product_cat?post=499"},{"taxonomy":"product_tag","embeddable":true,"href":"https:\/\/iport.hu\/officeone\/wp-json\/wp\/v2\/product_tag?post=499"}],"curies":[{"name":"wp","href":"https:\/\/api.w.org\/{rel}","templated":true}]}}