{"id":492,"date":"2025-09-22T08:04:30","date_gmt":"2025-09-22T06:04:30","guid":{"rendered":"https:\/\/iport.hu\/officeone\/?post_type=product&#038;p=492"},"modified":"2025-10-05T17:08:00","modified_gmt":"2025-10-05T15:08:00","slug":"cf279a-masolat","status":"publish","type":"product","link":"https:\/\/iport.hu\/officeone\/termek\/cf279a-masolat\/","title":{"rendered":"CF279A (m\u00e1solat)"},"content":{"rendered":"<p>Az al\u00e1bbi nyomtat\u00f3kba haszn\u00e1lhat\u00f3:<\/p>\n<p>HP: LASERJET PRO M 12, HP: LASERJET PRO M 12 SERIES, HP: LASERJET PRO M 12A, HP: LASERJET PRO M 12W, HP: LASERJET PRO M 26 SERIES, HP: LASERJET PRO M 26A, HP: LASERJET PRO M 26NW, H LASERJET PRO M12A, M12W, MFP M26A, MFP M26NW <\/p>\n","protected":false},"excerpt":{"rendered":"<p>Az al\u00e1bbi nyomtat\u00f3kba haszn\u00e1lhat\u00f3: HP: LASERJET PRO M 12, HP: LASERJET PRO M 12 SERIES, HP: LASERJET PRO M 12A, HP: LASERJET PRO M 12W, HP: LASERJET PRO M 26 SERIES, HP: LASERJET PRO M 26A, HP: LASERJET PRO M 26NW, H LASERJET PRO M12A, M12W, MFP M26A, MFP M26NW<\/p>\n","protected":false},"featured_media":929,"template":"","meta":{"_et_pb_use_builder":"","_et_pb_old_content":"","_et_gb_content_width":""},"product_brand":[],"product_cat":[19],"product_tag":[],"class_list":{"0":"post-492","1":"product","2":"type-product","3":"status-publish","4":"has-post-thumbnail","6":"product_cat-lezertoner","8":"first","9":"instock","10":"shipping-taxable","11":"purchasable","12":"product-type-simple"},"_links":{"self":[{"href":"https:\/\/iport.hu\/officeone\/wp-json\/wp\/v2\/product\/492","targetHints":{"allow":["GET"]}}],"collection":[{"href":"https:\/\/iport.hu\/officeone\/wp-json\/wp\/v2\/product"}],"about":[{"href":"https:\/\/iport.hu\/officeone\/wp-json\/wp\/v2\/types\/product"}],"wp:featuredmedia":[{"embeddable":true,"href":"https:\/\/iport.hu\/officeone\/wp-json\/wp\/v2\/media\/929"}],"wp:attachment":[{"href":"https:\/\/iport.hu\/officeone\/wp-json\/wp\/v2\/media?parent=492"}],"wp:term":[{"taxonomy":"product_brand","embeddable":true,"href":"https:\/\/iport.hu\/officeone\/wp-json\/wp\/v2\/product_brand?post=492"},{"taxonomy":"product_cat","embeddable":true,"href":"https:\/\/iport.hu\/officeone\/wp-json\/wp\/v2\/product_cat?post=492"},{"taxonomy":"product_tag","embeddable":true,"href":"https:\/\/iport.hu\/officeone\/wp-json\/wp\/v2\/product_tag?post=492"}],"curies":[{"name":"wp","href":"https:\/\/api.w.org\/{rel}","templated":true}]}}