{"id":489,"date":"2025-09-22T08:04:24","date_gmt":"2025-09-22T06:04:24","guid":{"rendered":"https:\/\/iport.hu\/officeone\/?post_type=product&#038;p=489"},"modified":"2025-10-05T17:07:55","modified_gmt":"2025-10-05T15:07:55","slug":"cf283x-crg737","status":"publish","type":"product","link":"https:\/\/iport.hu\/officeone\/termek\/cf283x-crg737\/","title":{"rendered":"CF283X\/CRG737"},"content":{"rendered":"<p>Az al\u00e1bbi nyomtat\u00f3kba haszn\u00e1lhat\u00f3:<\/p>\n<p>HP LJ PRO M 201 DW, HP LJ PRO M 201 N, HP LJ PRO MFP M 200 SERIES, HP LJ PRO MFP M 201 DW, HP LJ PRO MFP M 201 N, HP LJ PRO MFP M 202 DW, HP LJ PRO MFP M 202 N, HP LJ PRO MFP M 220 SERIES, HP LJ PRO MFP M 225 DN, HP LJ PRO MFP M 225 DW, H LASERJET PRO M202DW, M225DN, DW, RDN, M202N, M201DW, M226DN, CANON IMAGECLASS MF 211, CANON IMAGECLASS MF 216 N, CANON I-SENSYS MF 210 SERIES, CANON I-SENSYS MF 211, CANON I-SENSYS MF 212 W, CANON I-SENSYS MF 216 N, CANON I-SENSYS MF 217 W, CANON I-SENSYS MF 220 SERIES, CANON I-SENSYS MF 226 DN, CANON I-SENSYS MF 227 DW, CANON I-SENSYS MF 229 DW <\/p>\n","protected":false},"excerpt":{"rendered":"<p>Az al\u00e1bbi nyomtat\u00f3kba haszn\u00e1lhat\u00f3: HP LJ PRO M 201 DW, HP LJ PRO M 201 N, HP LJ PRO MFP M 200 SERIES, HP LJ PRO MFP M 201 DW, HP LJ PRO MFP M 201 N, HP LJ PRO MFP M 202 DW, HP LJ PRO MFP M 202 N, HP LJ PRO MFP [&hellip;]<\/p>\n","protected":false},"featured_media":929,"template":"","meta":{"_et_pb_use_builder":"","_et_pb_old_content":"","_et_gb_content_width":""},"product_brand":[],"product_cat":[19],"product_tag":[],"class_list":{"0":"post-489","1":"product","2":"type-product","3":"status-publish","4":"has-post-thumbnail","6":"product_cat-lezertoner","8":"first","9":"instock","10":"shipping-taxable","11":"purchasable","12":"product-type-simple"},"_links":{"self":[{"href":"https:\/\/iport.hu\/officeone\/wp-json\/wp\/v2\/product\/489","targetHints":{"allow":["GET"]}}],"collection":[{"href":"https:\/\/iport.hu\/officeone\/wp-json\/wp\/v2\/product"}],"about":[{"href":"https:\/\/iport.hu\/officeone\/wp-json\/wp\/v2\/types\/product"}],"wp:featuredmedia":[{"embeddable":true,"href":"https:\/\/iport.hu\/officeone\/wp-json\/wp\/v2\/media\/929"}],"wp:attachment":[{"href":"https:\/\/iport.hu\/officeone\/wp-json\/wp\/v2\/media?parent=489"}],"wp:term":[{"taxonomy":"product_brand","embeddable":true,"href":"https:\/\/iport.hu\/officeone\/wp-json\/wp\/v2\/product_brand?post=489"},{"taxonomy":"product_cat","embeddable":true,"href":"https:\/\/iport.hu\/officeone\/wp-json\/wp\/v2\/product_cat?post=489"},{"taxonomy":"product_tag","embeddable":true,"href":"https:\/\/iport.hu\/officeone\/wp-json\/wp\/v2\/product_tag?post=489"}],"curies":[{"name":"wp","href":"https:\/\/api.w.org\/{rel}","templated":true}]}}