{"id":488,"date":"2025-09-22T08:04:24","date_gmt":"2025-09-22T06:04:24","guid":{"rendered":"https:\/\/iport.hu\/officeone\/?post_type=product&#038;p=488"},"modified":"2025-10-05T17:07:55","modified_gmt":"2025-10-05T15:07:55","slug":"ce255x","status":"publish","type":"product","link":"https:\/\/iport.hu\/officeone\/termek\/ce255x\/","title":{"rendered":"CE255X"},"content":{"rendered":"<p>Az al\u00e1bbi nyomtat\u00f3kba haszn\u00e1lhat\u00f3:<\/p>\n<p>HP: LJ ENTERPRISE 500 MFP M 525 DN, 500 MFP M 525 F, FLOW MFP M 525 C, P 3000 SERIES, P 3015, P 3015 D, P 3015 DN, P 3015 N, P 3015 X; LJ P 3010 SERIES, P 3011, P 3015, P 3015 D, P 3015 DN, P 3015 N, P 3015 X, PRO M 520 SERIES, PRO M 521 DN, PRO M 521 DW, PRO M 521 DX, PRO M 521 DZ, H P3010, P3015, 3015N, 3015D, 3015DN, P3015X, M521DN, 521DW, 521DX, 521DZ, M525DN, M525F, CANON LBP 6700, 6725, 6780, 6750, <\/p>\n","protected":false},"excerpt":{"rendered":"<p>Az al\u00e1bbi nyomtat\u00f3kba haszn\u00e1lhat\u00f3: HP: LJ ENTERPRISE 500 MFP M 525 DN, 500 MFP M 525 F, FLOW MFP M 525 C, P 3000 SERIES, P 3015, P 3015 D, P 3015 DN, P 3015 N, P 3015 X; LJ P 3010 SERIES, P 3011, P 3015, P 3015 D, P 3015 DN, P 3015 [&hellip;]<\/p>\n","protected":false},"featured_media":929,"template":"","meta":{"_et_pb_use_builder":"","_et_pb_old_content":"","_et_gb_content_width":""},"product_brand":[],"product_cat":[19],"product_tag":[],"class_list":{"0":"post-488","1":"product","2":"type-product","3":"status-publish","4":"has-post-thumbnail","6":"product_cat-lezertoner","8":"first","9":"instock","10":"shipping-taxable","11":"purchasable","12":"product-type-simple"},"_links":{"self":[{"href":"https:\/\/iport.hu\/officeone\/wp-json\/wp\/v2\/product\/488","targetHints":{"allow":["GET"]}}],"collection":[{"href":"https:\/\/iport.hu\/officeone\/wp-json\/wp\/v2\/product"}],"about":[{"href":"https:\/\/iport.hu\/officeone\/wp-json\/wp\/v2\/types\/product"}],"wp:featuredmedia":[{"embeddable":true,"href":"https:\/\/iport.hu\/officeone\/wp-json\/wp\/v2\/media\/929"}],"wp:attachment":[{"href":"https:\/\/iport.hu\/officeone\/wp-json\/wp\/v2\/media?parent=488"}],"wp:term":[{"taxonomy":"product_brand","embeddable":true,"href":"https:\/\/iport.hu\/officeone\/wp-json\/wp\/v2\/product_brand?post=488"},{"taxonomy":"product_cat","embeddable":true,"href":"https:\/\/iport.hu\/officeone\/wp-json\/wp\/v2\/product_cat?post=488"},{"taxonomy":"product_tag","embeddable":true,"href":"https:\/\/iport.hu\/officeone\/wp-json\/wp\/v2\/product_tag?post=488"}],"curies":[{"name":"wp","href":"https:\/\/api.w.org\/{rel}","templated":true}]}}