{"id":486,"date":"2025-09-22T08:04:24","date_gmt":"2025-09-22T06:04:24","guid":{"rendered":"https:\/\/iport.hu\/officeone\/?post_type=product&#038;p=486"},"modified":"2025-10-05T17:07:55","modified_gmt":"2025-10-05T15:07:55","slug":"ce505x-cf280x-crg719h","status":"publish","type":"product","link":"https:\/\/iport.hu\/officeone\/termek\/ce505x-cf280x-crg719h\/","title":{"rendered":"CE505X\/CF280X\/CRG719H"},"content":{"rendered":"<p>Az al\u00e1bbi nyomtat\u00f3kba haszn\u00e1lhat\u00f3:<\/p>\n<p>HP LJ: P 2050 SERIES, P 2053D, P 2053DN, P 2053X, P 2054D, P 2054DN, P 2054X, P 2055, P 2055D, P2055DN, P 2055X, P 2055DTN, P 2056D, P 2056DN, P 2056X, P 2057D, P 2057DN, P 2057X, PRO 400 M 401 A, PRO 400 M 401 D, PRO 400 M 401 DN, PRO 400 M 401 DNE, PRO 400 M 401 DW, PRO 400 M 401 N, PRO 400 MFP M 425 DN, PRO 400 MFP M 425 DW, PRO M401DNE, CANON: IMAGECLASS LBP-6670 DN; I-SENSYS LBP-6300 DN, LBP-6310 DN, LBP-6650 DN, LBP-6670 DN, LBP-6680 X, MF 5840 DN, MF 5880 DN, MF 5940 DN, MF 5980 DW; LBP-6300 DN, LBP-6650 DN; WINCOR-NIXDORF FD 4911 L 15, H LASERJET P2030, P2033, P2034, P2035, P2035N, P2036, P2037, H LASERJET 2050, P2053, P2054, P2055, P2055D, P2056, P2057, P2053DN, P2053X, P2054DN, P2054X, P2055DN, P2055X, P2056DN, P2056X, P2057DN, P2057X, CANON.LBP 6300, 6650, MF5870DN, H LASERJET PRO 400 M401, A, D, N, DN, DW, M425DN, DW <\/p>\n","protected":false},"excerpt":{"rendered":"<p>Az al\u00e1bbi nyomtat\u00f3kba haszn\u00e1lhat\u00f3: HP LJ: P 2050 SERIES, P 2053D, P 2053DN, P 2053X, P 2054D, P 2054DN, P 2054X, P 2055, P 2055D, P2055DN, P 2055X, P 2055DTN, P 2056D, P 2056DN, P 2056X, P 2057D, P 2057DN, P 2057X, PRO 400 M 401 A, PRO 400 M 401 D, PRO 400 M [&hellip;]<\/p>\n","protected":false},"featured_media":929,"template":"","meta":{"_et_pb_use_builder":"","_et_pb_old_content":"","_et_gb_content_width":""},"product_brand":[],"product_cat":[19],"product_tag":[],"class_list":{"0":"post-486","1":"product","2":"type-product","3":"status-publish","4":"has-post-thumbnail","6":"product_cat-lezertoner","8":"first","9":"instock","10":"shipping-taxable","11":"purchasable","12":"product-type-simple"},"_links":{"self":[{"href":"https:\/\/iport.hu\/officeone\/wp-json\/wp\/v2\/product\/486","targetHints":{"allow":["GET"]}}],"collection":[{"href":"https:\/\/iport.hu\/officeone\/wp-json\/wp\/v2\/product"}],"about":[{"href":"https:\/\/iport.hu\/officeone\/wp-json\/wp\/v2\/types\/product"}],"wp:featuredmedia":[{"embeddable":true,"href":"https:\/\/iport.hu\/officeone\/wp-json\/wp\/v2\/media\/929"}],"wp:attachment":[{"href":"https:\/\/iport.hu\/officeone\/wp-json\/wp\/v2\/media?parent=486"}],"wp:term":[{"taxonomy":"product_brand","embeddable":true,"href":"https:\/\/iport.hu\/officeone\/wp-json\/wp\/v2\/product_brand?post=486"},{"taxonomy":"product_cat","embeddable":true,"href":"https:\/\/iport.hu\/officeone\/wp-json\/wp\/v2\/product_cat?post=486"},{"taxonomy":"product_tag","embeddable":true,"href":"https:\/\/iport.hu\/officeone\/wp-json\/wp\/v2\/product_tag?post=486"}],"curies":[{"name":"wp","href":"https:\/\/api.w.org\/{rel}","templated":true}]}}