{"id":484,"date":"2025-09-22T08:04:23","date_gmt":"2025-09-22T06:04:23","guid":{"rendered":"https:\/\/iport.hu\/officeone\/?post_type=product&#038;p=484"},"modified":"2025-10-05T17:07:55","modified_gmt":"2025-10-05T15:07:55","slug":"ce278-crg728","status":"publish","type":"product","link":"https:\/\/iport.hu\/officeone\/termek\/ce278-crg728\/","title":{"rendered":"CE278\/CRG728"},"content":{"rendered":"<p>Az al\u00e1bbi nyomtat\u00f3kba haszn\u00e1lhat\u00f3:<\/p>\n<p>HP: LJ P 1566, P1601, P1602, P1603, P1604, P1605, P 1606DN, P1606N, PRO P 1560, PRO P 1566, PRO P1600, PRO P1601, PRO P1602, PRO P1603, PRO P1604, PRO P1605, PRO P1606DN, PRO P1606N; PRO M 1536DNF; LJ 1536 DNF, H LASERJET P1566, P1567, P1568, P1569, P1606, 1560, P1606DN, P1607DN, P1608DN, P1609DN, H LASERJET M1530, M1536DNF, M1537DNF, M1538DNF, M1539DNF CANON IMAGE CLASS MF 4400, 4410, 4420, 4120, 4412, 4452, 4450, 4550, 4570, D520 <\/p>\n","protected":false},"excerpt":{"rendered":"<p>Az al\u00e1bbi nyomtat\u00f3kba haszn\u00e1lhat\u00f3: HP: LJ P 1566, P1601, P1602, P1603, P1604, P1605, P 1606DN, P1606N, PRO P 1560, PRO P 1566, PRO P1600, PRO P1601, PRO P1602, PRO P1603, PRO P1604, PRO P1605, PRO P1606DN, PRO P1606N; PRO M 1536DNF; LJ 1536 DNF, H LASERJET P1566, P1567, P1568, P1569, P1606, 1560, P1606DN, P1607DN, P1608DN, [&hellip;]<\/p>\n","protected":false},"featured_media":929,"template":"","meta":{"_et_pb_use_builder":"","_et_pb_old_content":"","_et_gb_content_width":""},"product_brand":[],"product_cat":[19],"product_tag":[],"class_list":{"0":"post-484","1":"product","2":"type-product","3":"status-publish","4":"has-post-thumbnail","6":"product_cat-lezertoner","8":"first","9":"instock","10":"shipping-taxable","11":"purchasable","12":"product-type-simple"},"_links":{"self":[{"href":"https:\/\/iport.hu\/officeone\/wp-json\/wp\/v2\/product\/484","targetHints":{"allow":["GET"]}}],"collection":[{"href":"https:\/\/iport.hu\/officeone\/wp-json\/wp\/v2\/product"}],"about":[{"href":"https:\/\/iport.hu\/officeone\/wp-json\/wp\/v2\/types\/product"}],"wp:featuredmedia":[{"embeddable":true,"href":"https:\/\/iport.hu\/officeone\/wp-json\/wp\/v2\/media\/929"}],"wp:attachment":[{"href":"https:\/\/iport.hu\/officeone\/wp-json\/wp\/v2\/media?parent=484"}],"wp:term":[{"taxonomy":"product_brand","embeddable":true,"href":"https:\/\/iport.hu\/officeone\/wp-json\/wp\/v2\/product_brand?post=484"},{"taxonomy":"product_cat","embeddable":true,"href":"https:\/\/iport.hu\/officeone\/wp-json\/wp\/v2\/product_cat?post=484"},{"taxonomy":"product_tag","embeddable":true,"href":"https:\/\/iport.hu\/officeone\/wp-json\/wp\/v2\/product_tag?post=484"}],"curies":[{"name":"wp","href":"https:\/\/api.w.org\/{rel}","templated":true}]}}