{"id":483,"date":"2025-09-22T08:04:23","date_gmt":"2025-09-22T06:04:23","guid":{"rendered":"https:\/\/iport.hu\/officeone\/?post_type=product&#038;p=483"},"modified":"2025-10-05T17:07:55","modified_gmt":"2025-10-05T15:07:55","slug":"cf226x-crg052h","status":"publish","type":"product","link":"https:\/\/iport.hu\/officeone\/termek\/cf226x-crg052h\/","title":{"rendered":"CF226X\/CRG052H"},"content":{"rendered":"<p>Az al\u00e1bbi nyomtat\u00f3kba haszn\u00e1lhat\u00f3:<\/p>\n<p>HP: LJ PRO: M 400 SERIES, M 402 D, M 402 DN, M 402 DW, M 402 N, MFP M 420 SERIES, MFP M 426 DN, MFP M 426 DW, MFP M 426 FDN, MFP M 426 FDW, MFP M 426 FW, MFP M 426 N, CANON: I-SENSYS LBP-210 SERIES, I-SENSYS LBP-212 DW, I-SENSYS LBP-214 DW, I-SENSYS LBP-215 DW, I-SENSYS LBP-215X, I-SENSYS MF 420 SERIES, I-SENSYS MF 421DW, I-SENSYS MF 424 DW, I-SENSYS MF 424 DWTH, I-SENSYS MF 426 DW, I-SENSYS MF 428 X, I-SENSYS MF 429DW, I-SENSYS MF 429X, H LASERJET PRO M402DN, M402N, 402DW, H LASERJET PRO MFP M426DW, 426FDN, 426FDW <\/p>\n","protected":false},"excerpt":{"rendered":"<p>Az al\u00e1bbi nyomtat\u00f3kba haszn\u00e1lhat\u00f3: HP: LJ PRO: M 400 SERIES, M 402 D, M 402 DN, M 402 DW, M 402 N, MFP M 420 SERIES, MFP M 426 DN, MFP M 426 DW, MFP M 426 FDN, MFP M 426 FDW, MFP M 426 FW, MFP M 426 N, CANON: I-SENSYS LBP-210 SERIES, I-SENSYS [&hellip;]<\/p>\n","protected":false},"featured_media":929,"template":"","meta":{"_et_pb_use_builder":"","_et_pb_old_content":"","_et_gb_content_width":""},"product_brand":[],"product_cat":[19],"product_tag":[],"class_list":{"0":"post-483","1":"product","2":"type-product","3":"status-publish","4":"has-post-thumbnail","6":"product_cat-lezertoner","8":"first","9":"instock","10":"shipping-taxable","11":"purchasable","12":"product-type-simple"},"_links":{"self":[{"href":"https:\/\/iport.hu\/officeone\/wp-json\/wp\/v2\/product\/483","targetHints":{"allow":["GET"]}}],"collection":[{"href":"https:\/\/iport.hu\/officeone\/wp-json\/wp\/v2\/product"}],"about":[{"href":"https:\/\/iport.hu\/officeone\/wp-json\/wp\/v2\/types\/product"}],"wp:featuredmedia":[{"embeddable":true,"href":"https:\/\/iport.hu\/officeone\/wp-json\/wp\/v2\/media\/929"}],"wp:attachment":[{"href":"https:\/\/iport.hu\/officeone\/wp-json\/wp\/v2\/media?parent=483"}],"wp:term":[{"taxonomy":"product_brand","embeddable":true,"href":"https:\/\/iport.hu\/officeone\/wp-json\/wp\/v2\/product_brand?post=483"},{"taxonomy":"product_cat","embeddable":true,"href":"https:\/\/iport.hu\/officeone\/wp-json\/wp\/v2\/product_cat?post=483"},{"taxonomy":"product_tag","embeddable":true,"href":"https:\/\/iport.hu\/officeone\/wp-json\/wp\/v2\/product_tag?post=483"}],"curies":[{"name":"wp","href":"https:\/\/api.w.org\/{rel}","templated":true}]}}