{"id":480,"date":"2025-09-22T08:04:23","date_gmt":"2025-09-22T06:04:23","guid":{"rendered":"https:\/\/iport.hu\/officeone\/?post_type=product&#038;p=480"},"modified":"2025-10-05T17:07:55","modified_gmt":"2025-10-05T15:07:55","slug":"cf390a-cc364a","status":"publish","type":"product","link":"https:\/\/iport.hu\/officeone\/termek\/cf390a-cc364a\/","title":{"rendered":"CF390A\/CC364A"},"content":{"rendered":"<p>Az al\u00e1bbi nyomtat\u00f3kba haszn\u00e1lhat\u00f3:<\/p>\n<p>HP: LJ M 4555 MFP, 4555 F MFP, 4555 FSKM MFP, 4555 H MFP, EP 600 M 601 N, EP 600 M 601 DN, EP 600 M 602 N, EP 600 M 602 DN, EP 600 M 602 X, EP 600 M 603 N, EP 600 M 603 DN, EP 600 M 603 XH <\/p>\n","protected":false},"excerpt":{"rendered":"<p>Az al\u00e1bbi nyomtat\u00f3kba haszn\u00e1lhat\u00f3: HP: LJ M 4555 MFP, 4555 F MFP, 4555 FSKM MFP, 4555 H MFP, EP 600 M 601 N, EP 600 M 601 DN, EP 600 M 602 N, EP 600 M 602 DN, EP 600 M 602 X, EP 600 M 603 N, EP 600 M 603 DN, EP 600 [&hellip;]<\/p>\n","protected":false},"featured_media":929,"template":"","meta":{"_et_pb_use_builder":"","_et_pb_old_content":"","_et_gb_content_width":""},"product_brand":[],"product_cat":[19],"product_tag":[],"class_list":{"0":"post-480","1":"product","2":"type-product","3":"status-publish","4":"has-post-thumbnail","6":"product_cat-lezertoner","8":"first","9":"instock","10":"shipping-taxable","11":"purchasable","12":"product-type-simple"},"_links":{"self":[{"href":"https:\/\/iport.hu\/officeone\/wp-json\/wp\/v2\/product\/480","targetHints":{"allow":["GET"]}}],"collection":[{"href":"https:\/\/iport.hu\/officeone\/wp-json\/wp\/v2\/product"}],"about":[{"href":"https:\/\/iport.hu\/officeone\/wp-json\/wp\/v2\/types\/product"}],"wp:featuredmedia":[{"embeddable":true,"href":"https:\/\/iport.hu\/officeone\/wp-json\/wp\/v2\/media\/929"}],"wp:attachment":[{"href":"https:\/\/iport.hu\/officeone\/wp-json\/wp\/v2\/media?parent=480"}],"wp:term":[{"taxonomy":"product_brand","embeddable":true,"href":"https:\/\/iport.hu\/officeone\/wp-json\/wp\/v2\/product_brand?post=480"},{"taxonomy":"product_cat","embeddable":true,"href":"https:\/\/iport.hu\/officeone\/wp-json\/wp\/v2\/product_cat?post=480"},{"taxonomy":"product_tag","embeddable":true,"href":"https:\/\/iport.hu\/officeone\/wp-json\/wp\/v2\/product_tag?post=480"}],"curies":[{"name":"wp","href":"https:\/\/api.w.org\/{rel}","templated":true}]}}