{"id":479,"date":"2025-09-22T08:04:22","date_gmt":"2025-09-22T06:04:22","guid":{"rendered":"https:\/\/iport.hu\/officeone\/?post_type=product&#038;p=479"},"modified":"2025-10-05T17:07:55","modified_gmt":"2025-10-05T15:07:55","slug":"q6511x","status":"publish","type":"product","link":"https:\/\/iport.hu\/officeone\/termek\/q6511x\/","title":{"rendered":"Q6511X"},"content":{"rendered":"<p>Az al\u00e1bbi nyomtat\u00f3kba haszn\u00e1lhat\u00f3:<\/p>\n<p>HP: LJ 2400 SERIES, 2410, 2410N, 2420D, 2420DN, 2420N, 2430DTN, 2430T, 2430TN, 2430N; LJ 2410\/2420\/2430, H LASERJET 2400, 2410, 2420, 2420D, 2420N, 2420DN, 2420DTN, 2430, 2430N, 2430T, 2430TN, 2430DTN, CANON LBP 3410, 3460 <\/p>\n","protected":false},"excerpt":{"rendered":"<p>Az al\u00e1bbi nyomtat\u00f3kba haszn\u00e1lhat\u00f3: HP: LJ 2400 SERIES, 2410, 2410N, 2420D, 2420DN, 2420N, 2430DTN, 2430T, 2430TN, 2430N; LJ 2410\/2420\/2430, H LASERJET 2400, 2410, 2420, 2420D, 2420N, 2420DN, 2420DTN, 2430, 2430N, 2430T, 2430TN, 2430DTN, CANON LBP 3410, 3460<\/p>\n","protected":false},"featured_media":929,"template":"","meta":{"_et_pb_use_builder":"","_et_pb_old_content":"","_et_gb_content_width":""},"product_brand":[],"product_cat":[19],"product_tag":[],"class_list":{"0":"post-479","1":"product","2":"type-product","3":"status-publish","4":"has-post-thumbnail","6":"product_cat-lezertoner","8":"first","9":"instock","10":"shipping-taxable","11":"purchasable","12":"product-type-simple"},"_links":{"self":[{"href":"https:\/\/iport.hu\/officeone\/wp-json\/wp\/v2\/product\/479","targetHints":{"allow":["GET"]}}],"collection":[{"href":"https:\/\/iport.hu\/officeone\/wp-json\/wp\/v2\/product"}],"about":[{"href":"https:\/\/iport.hu\/officeone\/wp-json\/wp\/v2\/types\/product"}],"wp:featuredmedia":[{"embeddable":true,"href":"https:\/\/iport.hu\/officeone\/wp-json\/wp\/v2\/media\/929"}],"wp:attachment":[{"href":"https:\/\/iport.hu\/officeone\/wp-json\/wp\/v2\/media?parent=479"}],"wp:term":[{"taxonomy":"product_brand","embeddable":true,"href":"https:\/\/iport.hu\/officeone\/wp-json\/wp\/v2\/product_brand?post=479"},{"taxonomy":"product_cat","embeddable":true,"href":"https:\/\/iport.hu\/officeone\/wp-json\/wp\/v2\/product_cat?post=479"},{"taxonomy":"product_tag","embeddable":true,"href":"https:\/\/iport.hu\/officeone\/wp-json\/wp\/v2\/product_tag?post=479"}],"curies":[{"name":"wp","href":"https:\/\/api.w.org\/{rel}","templated":true}]}}