{"id":476,"date":"2025-09-22T08:04:22","date_gmt":"2025-09-22T06:04:22","guid":{"rendered":"https:\/\/iport.hu\/officeone\/?post_type=product&#038;p=476"},"modified":"2025-10-05T17:07:54","modified_gmt":"2025-10-05T15:07:54","slug":"q5949x-q7553x","status":"publish","type":"product","link":"https:\/\/iport.hu\/officeone\/termek\/q5949x-q7553x\/","title":{"rendered":"Q5949X\/Q7553X"},"content":{"rendered":"<p>Az al\u00e1bbi nyomtat\u00f3kba haszn\u00e1lhat\u00f3:<\/p>\n<p>HP LJ: 1320, 1320N, 1320NW, 1320TN, 3390, 3392, P 2012, P 2012N, P 2013, P 2013N, P 2014, P 2014N, P 2015, P 2015D, P 2015DN, P 2015N, P 2015X, M 2727NF MFP, M 2727NFS MFP, P2015, H LASER JET 1160, 1160LE, 1320, 1320N, 1320NW, 1320T, 1320TN, 3390, 3392 CANON LBP 3300, 3360 H LASER JET P2010, 2011, P2012, P2013, P2014, P2015, P2015D, P2015N, P2015DN, P2015X, M2727, M2727MFP LBP-3310, 3370 <\/p>\n","protected":false},"excerpt":{"rendered":"<p>Az al\u00e1bbi nyomtat\u00f3kba haszn\u00e1lhat\u00f3: HP LJ: 1320, 1320N, 1320NW, 1320TN, 3390, 3392, P 2012, P 2012N, P 2013, P 2013N, P 2014, P 2014N, P 2015, P 2015D, P 2015DN, P 2015N, P 2015X, M 2727NF MFP, M 2727NFS MFP, P2015, H LASER JET 1160, 1160LE, 1320, 1320N, 1320NW, 1320T, 1320TN, 3390, 3392 CANON LBP [&hellip;]<\/p>\n","protected":false},"featured_media":929,"template":"","meta":{"_et_pb_use_builder":"","_et_pb_old_content":"","_et_gb_content_width":""},"product_brand":[],"product_cat":[19],"product_tag":[],"class_list":{"0":"post-476","1":"product","2":"type-product","3":"status-publish","4":"has-post-thumbnail","6":"product_cat-lezertoner","8":"first","9":"instock","10":"shipping-taxable","11":"purchasable","12":"product-type-simple"},"_links":{"self":[{"href":"https:\/\/iport.hu\/officeone\/wp-json\/wp\/v2\/product\/476","targetHints":{"allow":["GET"]}}],"collection":[{"href":"https:\/\/iport.hu\/officeone\/wp-json\/wp\/v2\/product"}],"about":[{"href":"https:\/\/iport.hu\/officeone\/wp-json\/wp\/v2\/types\/product"}],"wp:featuredmedia":[{"embeddable":true,"href":"https:\/\/iport.hu\/officeone\/wp-json\/wp\/v2\/media\/929"}],"wp:attachment":[{"href":"https:\/\/iport.hu\/officeone\/wp-json\/wp\/v2\/media?parent=476"}],"wp:term":[{"taxonomy":"product_brand","embeddable":true,"href":"https:\/\/iport.hu\/officeone\/wp-json\/wp\/v2\/product_brand?post=476"},{"taxonomy":"product_cat","embeddable":true,"href":"https:\/\/iport.hu\/officeone\/wp-json\/wp\/v2\/product_cat?post=476"},{"taxonomy":"product_tag","embeddable":true,"href":"https:\/\/iport.hu\/officeone\/wp-json\/wp\/v2\/product_tag?post=476"}],"curies":[{"name":"wp","href":"https:\/\/api.w.org\/{rel}","templated":true}]}}