{"id":473,"date":"2025-09-22T08:04:21","date_gmt":"2025-09-22T06:04:21","guid":{"rendered":"https:\/\/iport.hu\/officeone\/?post_type=product&#038;p=473"},"modified":"2025-10-05T17:07:54","modified_gmt":"2025-10-05T15:07:54","slug":"q2612x","status":"publish","type":"product","link":"https:\/\/iport.hu\/officeone\/termek\/q2612x\/","title":{"rendered":"Q2612X"},"content":{"rendered":"<p>Az al\u00e1bbi nyomtat\u00f3kba haszn\u00e1lhat\u00f3:<\/p>\n<p>HP: LJ 1010, 1012, 1015, 1018, 1020, 1022, 1022N, 1022NW, 3015, 3015AIO, 3020, 3020AIO, 3030, 3030AIO, 3052, 3055, 3050, 3050Z, M 1005MFP, M 1319F MFP, H LASERJET 1010, 1012, 1015, 1018, 1022, 1022N, 1022NW, 1020, 3015MFP, 3020MFP, 3030MFP, 3050MFP, 3052MFP, 3055MFP, 3050Z, M1005MFP CANONFAX L-100, L-120, FAXPHONE 120, MF4150, FAX L905A, I-SENSYS 4120, 4130, 4140, 4270, 4150MF, 4660, 4370, 4370, 4350D, PL, MF4690PL CANONLBP-2900, 2900B, 3000 M1005 M1319F <\/p>\n","protected":false},"excerpt":{"rendered":"<p>Az al\u00e1bbi nyomtat\u00f3kba haszn\u00e1lhat\u00f3: HP: LJ 1010, 1012, 1015, 1018, 1020, 1022, 1022N, 1022NW, 3015, 3015AIO, 3020, 3020AIO, 3030, 3030AIO, 3052, 3055, 3050, 3050Z, M 1005MFP, M 1319F MFP, H LASERJET 1010, 1012, 1015, 1018, 1022, 1022N, 1022NW, 1020, 3015MFP, 3020MFP, 3030MFP, 3050MFP, 3052MFP, 3055MFP, 3050Z, M1005MFP CANONFAX L-100, L-120, FAXPHONE 120, MF4150, FAX L905A, [&hellip;]<\/p>\n","protected":false},"featured_media":929,"template":"","meta":{"_et_pb_use_builder":"","_et_pb_old_content":"","_et_gb_content_width":""},"product_brand":[],"product_cat":[19],"product_tag":[],"class_list":{"0":"post-473","1":"product","2":"type-product","3":"status-publish","4":"has-post-thumbnail","6":"product_cat-lezertoner","8":"first","9":"instock","10":"shipping-taxable","11":"purchasable","12":"product-type-simple"},"_links":{"self":[{"href":"https:\/\/iport.hu\/officeone\/wp-json\/wp\/v2\/product\/473","targetHints":{"allow":["GET"]}}],"collection":[{"href":"https:\/\/iport.hu\/officeone\/wp-json\/wp\/v2\/product"}],"about":[{"href":"https:\/\/iport.hu\/officeone\/wp-json\/wp\/v2\/types\/product"}],"wp:featuredmedia":[{"embeddable":true,"href":"https:\/\/iport.hu\/officeone\/wp-json\/wp\/v2\/media\/929"}],"wp:attachment":[{"href":"https:\/\/iport.hu\/officeone\/wp-json\/wp\/v2\/media?parent=473"}],"wp:term":[{"taxonomy":"product_brand","embeddable":true,"href":"https:\/\/iport.hu\/officeone\/wp-json\/wp\/v2\/product_brand?post=473"},{"taxonomy":"product_cat","embeddable":true,"href":"https:\/\/iport.hu\/officeone\/wp-json\/wp\/v2\/product_cat?post=473"},{"taxonomy":"product_tag","embeddable":true,"href":"https:\/\/iport.hu\/officeone\/wp-json\/wp\/v2\/product_tag?post=473"}],"curies":[{"name":"wp","href":"https:\/\/api.w.org\/{rel}","templated":true}]}}