{"id":472,"date":"2025-09-22T08:04:21","date_gmt":"2025-09-22T06:04:21","guid":{"rendered":"https:\/\/iport.hu\/officeone\/?post_type=product&#038;p=472"},"modified":"2025-10-05T17:07:54","modified_gmt":"2025-10-05T15:07:54","slug":"c7115x-q2613x-ep27","status":"publish","type":"product","link":"https:\/\/iport.hu\/officeone\/termek\/c7115x-q2613x-ep27\/","title":{"rendered":"C7115X\/Q2613X\/EP27"},"content":{"rendered":"<p>Az al\u00e1bbi nyomtat\u00f3kba haszn\u00e1lhat\u00f3:<\/p>\n<p>HP: LJ 1000, 1000W, 1005W, 1200, 1200N, 1200SE, 1220, 1220SE, 3300, 3300MFP, 3310, LJ, 3320MFP, 3320N, 3320N MFP, 3330, 3330MFP, 3380 MFP; LJ 1000; 1005; 1200; 1220; 3300; LJ 1150; LJ 1150, LJ 1300, 1300T, 1300XI, 1300N <\/p>\n","protected":false},"excerpt":{"rendered":"<p>Az al\u00e1bbi nyomtat\u00f3kba haszn\u00e1lhat\u00f3: HP: LJ 1000, 1000W, 1005W, 1200, 1200N, 1200SE, 1220, 1220SE, 3300, 3300MFP, 3310, LJ, 3320MFP, 3320N, 3320N MFP, 3330, 3330MFP, 3380 MFP; LJ 1000; 1005; 1200; 1220; 3300; LJ 1150; LJ 1150, LJ 1300, 1300T, 1300XI, 1300N<\/p>\n","protected":false},"featured_media":929,"template":"","meta":{"_et_pb_use_builder":"","_et_pb_old_content":"","_et_gb_content_width":""},"product_brand":[],"product_cat":[19],"product_tag":[],"class_list":{"0":"post-472","1":"product","2":"type-product","3":"status-publish","4":"has-post-thumbnail","6":"product_cat-lezertoner","8":"first","9":"instock","10":"shipping-taxable","11":"purchasable","12":"product-type-simple"},"_links":{"self":[{"href":"https:\/\/iport.hu\/officeone\/wp-json\/wp\/v2\/product\/472","targetHints":{"allow":["GET"]}}],"collection":[{"href":"https:\/\/iport.hu\/officeone\/wp-json\/wp\/v2\/product"}],"about":[{"href":"https:\/\/iport.hu\/officeone\/wp-json\/wp\/v2\/types\/product"}],"wp:featuredmedia":[{"embeddable":true,"href":"https:\/\/iport.hu\/officeone\/wp-json\/wp\/v2\/media\/929"}],"wp:attachment":[{"href":"https:\/\/iport.hu\/officeone\/wp-json\/wp\/v2\/media?parent=472"}],"wp:term":[{"taxonomy":"product_brand","embeddable":true,"href":"https:\/\/iport.hu\/officeone\/wp-json\/wp\/v2\/product_brand?post=472"},{"taxonomy":"product_cat","embeddable":true,"href":"https:\/\/iport.hu\/officeone\/wp-json\/wp\/v2\/product_cat?post=472"},{"taxonomy":"product_tag","embeddable":true,"href":"https:\/\/iport.hu\/officeone\/wp-json\/wp\/v2\/product_tag?post=472"}],"curies":[{"name":"wp","href":"https:\/\/api.w.org\/{rel}","templated":true}]}}