{"id":471,"date":"2025-09-22T08:04:21","date_gmt":"2025-09-22T06:04:21","guid":{"rendered":"https:\/\/iport.hu\/officeone\/?post_type=product&#038;p=471"},"modified":"2025-10-05T17:07:54","modified_gmt":"2025-10-05T15:07:54","slug":"cf219-crg047drum","status":"publish","type":"product","link":"https:\/\/iport.hu\/officeone\/termek\/cf219-crg047drum\/","title":{"rendered":"CF219\/CRG047drum"},"content":{"rendered":"<p>Az al\u00e1bbi nyomtat\u00f3kba haszn\u00e1lhat\u00f3:<\/p>\n<p>HP: LASERJET PRO: M102A, M102W, M130A, M130FN, M130FW, M130NW, H LASERJET PRO M102A PRINTERH LASERJET PRO MFP M130A, FN, FW, NWH LASERJET PRO M104A, W PRINTERH LASERJET PRO MFP M132A, M132FN, M132FP, M132FW, M132NW, M132SNW <\/p>\n","protected":false},"excerpt":{"rendered":"<p>Az al\u00e1bbi nyomtat\u00f3kba haszn\u00e1lhat\u00f3: HP: LASERJET PRO: M102A, M102W, M130A, M130FN, M130FW, M130NW, H LASERJET PRO M102A PRINTERH LASERJET PRO MFP M130A, FN, FW, NWH LASERJET PRO M104A, W PRINTERH LASERJET PRO MFP M132A, M132FN, M132FP, M132FW, M132NW, M132SNW<\/p>\n","protected":false},"featured_media":929,"template":"","meta":{"_et_pb_use_builder":"","_et_pb_old_content":"","_et_gb_content_width":""},"product_brand":[],"product_cat":[19],"product_tag":[],"class_list":{"0":"post-471","1":"product","2":"type-product","3":"status-publish","4":"has-post-thumbnail","6":"product_cat-lezertoner","8":"first","9":"instock","10":"shipping-taxable","11":"purchasable","12":"product-type-simple"},"_links":{"self":[{"href":"https:\/\/iport.hu\/officeone\/wp-json\/wp\/v2\/product\/471","targetHints":{"allow":["GET"]}}],"collection":[{"href":"https:\/\/iport.hu\/officeone\/wp-json\/wp\/v2\/product"}],"about":[{"href":"https:\/\/iport.hu\/officeone\/wp-json\/wp\/v2\/types\/product"}],"wp:featuredmedia":[{"embeddable":true,"href":"https:\/\/iport.hu\/officeone\/wp-json\/wp\/v2\/media\/929"}],"wp:attachment":[{"href":"https:\/\/iport.hu\/officeone\/wp-json\/wp\/v2\/media?parent=471"}],"wp:term":[{"taxonomy":"product_brand","embeddable":true,"href":"https:\/\/iport.hu\/officeone\/wp-json\/wp\/v2\/product_brand?post=471"},{"taxonomy":"product_cat","embeddable":true,"href":"https:\/\/iport.hu\/officeone\/wp-json\/wp\/v2\/product_cat?post=471"},{"taxonomy":"product_tag","embeddable":true,"href":"https:\/\/iport.hu\/officeone\/wp-json\/wp\/v2\/product_tag?post=471"}],"curies":[{"name":"wp","href":"https:\/\/api.w.org\/{rel}","templated":true}]}}