{"id":469,"date":"2025-09-22T08:04:21","date_gmt":"2025-09-22T06:04:21","guid":{"rendered":"https:\/\/iport.hu\/officeone\/?post_type=product&#038;p=469"},"modified":"2025-10-05T17:07:54","modified_gmt":"2025-10-05T15:07:54","slug":"cf217a-crg047","status":"publish","type":"product","link":"https:\/\/iport.hu\/officeone\/termek\/cf217a-crg047\/","title":{"rendered":"CF217A\/CRG047"},"content":{"rendered":"<p>Az al\u00e1bbi nyomtat\u00f3kba haszn\u00e1lhat\u00f3:<\/p>\n<p>HP: LASERJET PRO: M102A, M102W, M130A, M130FN, M130FW, M130NW, CANON I-SENSYS SERII LBP110, CANON MF110 MODELE CANON LBP112, CANON LBP113W, CANON MF112, CANON MF113W, H LASERJET PRO MFP130A, 130NNW, 130FN, 130FW, H LASERJET PRO M102W, 102A <\/p>\n","protected":false},"excerpt":{"rendered":"<p>Az al\u00e1bbi nyomtat\u00f3kba haszn\u00e1lhat\u00f3: HP: LASERJET PRO: M102A, M102W, M130A, M130FN, M130FW, M130NW, CANON I-SENSYS SERII LBP110, CANON MF110 MODELE CANON LBP112, CANON LBP113W, CANON MF112, CANON MF113W, H LASERJET PRO MFP130A, 130NNW, 130FN, 130FW, H LASERJET PRO M102W, 102A<\/p>\n","protected":false},"featured_media":929,"template":"","meta":{"_et_pb_use_builder":"","_et_pb_old_content":"","_et_gb_content_width":""},"product_brand":[],"product_cat":[19],"product_tag":[],"class_list":{"0":"post-469","1":"product","2":"type-product","3":"status-publish","4":"has-post-thumbnail","6":"product_cat-lezertoner","8":"first","9":"instock","10":"shipping-taxable","11":"purchasable","12":"product-type-simple"},"_links":{"self":[{"href":"https:\/\/iport.hu\/officeone\/wp-json\/wp\/v2\/product\/469","targetHints":{"allow":["GET"]}}],"collection":[{"href":"https:\/\/iport.hu\/officeone\/wp-json\/wp\/v2\/product"}],"about":[{"href":"https:\/\/iport.hu\/officeone\/wp-json\/wp\/v2\/types\/product"}],"wp:featuredmedia":[{"embeddable":true,"href":"https:\/\/iport.hu\/officeone\/wp-json\/wp\/v2\/media\/929"}],"wp:attachment":[{"href":"https:\/\/iport.hu\/officeone\/wp-json\/wp\/v2\/media?parent=469"}],"wp:term":[{"taxonomy":"product_brand","embeddable":true,"href":"https:\/\/iport.hu\/officeone\/wp-json\/wp\/v2\/product_brand?post=469"},{"taxonomy":"product_cat","embeddable":true,"href":"https:\/\/iport.hu\/officeone\/wp-json\/wp\/v2\/product_cat?post=469"},{"taxonomy":"product_tag","embeddable":true,"href":"https:\/\/iport.hu\/officeone\/wp-json\/wp\/v2\/product_tag?post=469"}],"curies":[{"name":"wp","href":"https:\/\/api.w.org\/{rel}","templated":true}]}}